{"id":425,"date":"2022-04-08T19:32:34","date_gmt":"2022-04-08T19:32:34","guid":{"rendered":"http:\/\/grpha.com\/?page_id=425"},"modified":"2022-05-09T20:57:02","modified_gmt":"2022-05-09T20:57:02","slug":"barandas-metalicas","status":"publish","type":"page","link":"https:\/\/grpha.com\/index.php\/barandas-metalicas\/","title":{"rendered":"Barandas Met\u00e1licas"},"content":{"rendered":"\n<p>En grupo H.A somos especialistas haciendo arte con el metal, sobre todo cuando se trata de <a href=\"http:\/\/grpha.com\/index.php\/barandas-metalicas\/\">barandas met\u00e1licas.<\/a> Nuestra empresa lleva un importante recorrido elaborando e instalado barandas met\u00e1licas en diferentes tipos de proyectos. Son clave en la gran mayor\u00eda de construcciones de hoy en dia y es un componente de alta demanda en el mercado de la construcci\u00f3n. Debido a lo mencionado anteriormente nos tomamos muy en serio el requerimiento de nuestros clientes para diligenciar un producto duradero y de calidad. <\/p>\n\n\n\n<p>Las barandas met\u00e1licas son componentes que por lo general se utilizan para brindar mayor seguridad a lugares como terrazas, puentes, balcones y escaleras. Servir\u00e1n de soporte para que las personas se apoyen en ellas. Asimismo son de uso obligatorio en ciertas \u00e1reas en altura donde se emplean como barreras para evitar accidentes.<\/p>\n\n\n\n<h2 class=\"wp-block-heading\">Barandas Met\u00e1licas en Zonas comunes<\/h2>\n\n\n\n<p>En alg\u00fan momento todos hemos sido testigos del uso de barandas met\u00e1licas en zonas comunes. Su instalaci\u00f3n es notoria en centros comerciales, apartamentos tanto residenciales como empresariales, colegios y otras edificaciones. Es por ello que estas barreras deben llevar un dise\u00f1o no solo est\u00e9tico pero tambi\u00e9n certificado para cumplir con su objetivo: salvaguardar la vida de ni\u00f1os y adultos. Sin embargo siendo la &#8220;cara&#8221; de muchas edificaciones, la estetica tambien es un elemento de alta relevancia en la producci\u00f3n de estos componentes.<\/p>\n\n\n\n<figure class=\"wp-block-image size-large\"><img fetchpriority=\"high\" decoding=\"async\" width=\"1024\" height=\"445\" src=\"http:\/\/grpha.com\/wp-content\/uploads\/2022\/04\/balcon-1024x445.jpg\" alt=\"\" class=\"wp-image-431\" srcset=\"https:\/\/grpha.com\/wp-content\/uploads\/2022\/04\/balcon-1024x445.jpg 1024w, https:\/\/grpha.com\/wp-content\/uploads\/2022\/04\/balcon-300x130.jpg 300w, https:\/\/grpha.com\/wp-content\/uploads\/2022\/04\/balcon-768x333.jpg 768w, https:\/\/grpha.com\/wp-content\/uploads\/2022\/04\/balcon-1536x667.jpg 1536w, https:\/\/grpha.com\/wp-content\/uploads\/2022\/04\/balcon.jpg 1688w\" sizes=\"(max-width: 1024px) 100vw, 1024px\" \/><\/figure>\n\n\n\n<h2 class=\"wp-block-heading\">Barandas Metalicas para tr\u00e1fico vehicular y peatonal<\/h2>\n\n\n\n<p>Existen tambi\u00e9n barandas met\u00e1licas para las v\u00edas vehiculares y peatonales. Estas van instaladas a lo largo de carreteras y puentes con sus respectivas funciones de dirigir el tr\u00e1fico y dar mayor seguridad a los peatones y veh\u00edculos. Su instalaci\u00f3n puede variar de acuerdo al tipo de baranda que se va a utilizar. En muchos casos existe la posibilidad de anclarla sobre el corredor peatonal con los materiales pertinentes. No obstante, existen aquellas que pueden ser combinadas con el hormig\u00f3n.<\/p>\n\n\n\n<figure class=\"wp-block-image size-large\"><img decoding=\"async\" width=\"1024\" height=\"459\" src=\"http:\/\/grpha.com\/wp-content\/uploads\/2022\/04\/barada-1024x459.jpg\" alt=\"\" class=\"wp-image-432\" srcset=\"https:\/\/grpha.com\/wp-content\/uploads\/2022\/04\/barada-1024x459.jpg 1024w, https:\/\/grpha.com\/wp-content\/uploads\/2022\/04\/barada-300x135.jpg 300w, https:\/\/grpha.com\/wp-content\/uploads\/2022\/04\/barada-768x345.jpg 768w, https:\/\/grpha.com\/wp-content\/uploads\/2022\/04\/barada-1536x689.jpg 1536w, https:\/\/grpha.com\/wp-content\/uploads\/2022\/04\/barada.jpg 1627w\" sizes=\"(max-width: 1024px) 100vw, 1024px\" \/><\/figure>\n\n\n\n<h2 class=\"wp-block-heading\">Barandas metalicas para escaleras <\/h2>\n\n\n\n<p>Las escaleras son una estructura que por lo general se acompa\u00f1a de barandas. Sin embargo, no todas las escaleras contienen este componente. Su uso va a depender de los requerimientos del cliente y las especificaciones de la industria.<\/p>\n\n\n\n<div class=\"wp-block-image\"><figure class=\"aligncenter size-full is-resized\"><img decoding=\"async\" src=\"http:\/\/grpha.com\/wp-content\/uploads\/2022\/04\/esca.jpg\" alt=\"barandas metalicas escaleras\" class=\"wp-image-433\" width=\"383\" height=\"511\" srcset=\"https:\/\/grpha.com\/wp-content\/uploads\/2022\/04\/esca.jpg 564w, https:\/\/grpha.com\/wp-content\/uploads\/2022\/04\/esca-225x300.jpg 225w\" sizes=\"(max-width: 383px) 100vw, 383px\" \/><\/figure><\/div>\n\n\n\n<h2 class=\"wp-block-heading\">Consulta con los expertos<\/h2>\n\n\n\n<p>En <a href=\"http:\/\/www.grpha.com\">grupo H.A<\/a> hacemos reales tus sue\u00f1os. Consulta con nosotros tu proyecto si requieres barreras met\u00e1licas ya sea para cualquiera de las aplicaciones mencionadas anteriormente o si tienes alguna otra idea en mente. Cont\u00e1ctanos hoy y nuestro grupo de expertos te atender\u00e1 con el mayor de los gustos.<\/p>\n","protected":false},"excerpt":{"rendered":"<p>En grupo H.A somos especialistas haciendo arte con el metal, sobre todo cuando se trata de barandas met\u00e1licas. Nuestra empresa lleva un importante recorrido elaborando e instalado barandas met\u00e1licas en diferentes tipos de proyectos. Son clave en la gran mayor\u00eda de construcciones de hoy en dia y es un componente de alta demanda en el [&hellip;]<\/p>\n","protected":false},"author":1,"featured_media":0,"parent":0,"menu_order":0,"comment_status":"closed","ping_status":"closed","template":"","meta":{"_monsterinsights_skip_tracking":false,"_monsterinsights_sitenote_active":false,"_monsterinsights_sitenote_note":"","_monsterinsights_sitenote_category":0,"ocean_post_layout":"","ocean_both_sidebars_style":"","ocean_both_sidebars_content_width":0,"ocean_both_sidebars_sidebars_width":0,"ocean_sidebar":"0","ocean_second_sidebar":"0","ocean_disable_margins":"enable","ocean_add_body_class":"","ocean_shortcode_before_top_bar":"","ocean_shortcode_after_top_bar":"","ocean_shortcode_before_header":"","ocean_shortcode_after_header":"","ocean_has_shortcode":"","ocean_shortcode_after_title":"","ocean_shortcode_before_footer_widgets":"","ocean_shortcode_after_footer_widgets":"","ocean_shortcode_before_footer_bottom":"","ocean_shortcode_after_footer_bottom":"","ocean_display_top_bar":"default","ocean_display_header":"default","ocean_header_style":"","ocean_center_header_left_menu":"0","ocean_custom_header_template":"0","ocean_custom_logo":0,"ocean_custom_retina_logo":0,"ocean_custom_logo_max_width":0,"ocean_custom_logo_tablet_max_width":0,"ocean_custom_logo_mobile_max_width":0,"ocean_custom_logo_max_height":0,"ocean_custom_logo_tablet_max_height":0,"ocean_custom_logo_mobile_max_height":0,"ocean_header_custom_menu":"0","ocean_menu_typo_font_family":"0","ocean_menu_typo_font_subset":"","ocean_menu_typo_font_size":0,"ocean_menu_typo_font_size_tablet":0,"ocean_menu_typo_font_size_mobile":0,"ocean_menu_typo_font_size_unit":"px","ocean_menu_typo_font_weight":"","ocean_menu_typo_font_weight_tablet":"","ocean_menu_typo_font_weight_mobile":"","ocean_menu_typo_transform":"","ocean_menu_typo_transform_tablet":"","ocean_menu_typo_transform_mobile":"","ocean_menu_typo_line_height":0,"ocean_menu_typo_line_height_tablet":0,"ocean_menu_typo_line_height_mobile":0,"ocean_menu_typo_line_height_unit":"","ocean_menu_typo_spacing":0,"ocean_menu_typo_spacing_tablet":0,"ocean_menu_typo_spacing_mobile":0,"ocean_menu_typo_spacing_unit":"","ocean_menu_link_color":"","ocean_menu_link_color_hover":"","ocean_menu_link_color_active":"","ocean_menu_link_background":"","ocean_menu_link_hover_background":"","ocean_menu_link_active_background":"","ocean_menu_social_links_bg":"","ocean_menu_social_hover_links_bg":"","ocean_menu_social_links_color":"","ocean_menu_social_hover_links_color":"","ocean_disable_title":"default","ocean_disable_heading":"default","ocean_post_title":"","ocean_post_subheading":"","ocean_post_title_style":"","ocean_post_title_background_color":"","ocean_post_title_background":0,"ocean_post_title_bg_image_position":"","ocean_post_title_bg_image_attachment":"","ocean_post_title_bg_image_repeat":"","ocean_post_title_bg_image_size":"","ocean_post_title_height":0,"ocean_post_title_bg_overlay":0.5,"ocean_post_title_bg_overlay_color":"","ocean_disable_breadcrumbs":"default","ocean_breadcrumbs_color":"","ocean_breadcrumbs_separator_color":"","ocean_breadcrumbs_links_color":"","ocean_breadcrumbs_links_hover_color":"","ocean_display_footer_widgets":"default","ocean_display_footer_bottom":"default","ocean_custom_footer_template":"0","footnotes":""},"class_list":["post-425","page","type-page","status-publish","hentry","entry"],"yoast_head":"<!-- This site is optimized with the Yoast SEO plugin v27.1.1 - https:\/\/yoast.com\/product\/yoast-seo-wordpress\/ -->\n<title>Barandas Met\u00e1licas - Metalmecanica en barranquilla<\/title>\n<meta name=\"description\" content=\"Dise\u00f1amos ,elaboramos e instalamos barandas metalicas en Barranquilla y la costa atlantico. Consigue las tuyas hoy !\" \/>\n<meta name=\"robots\" content=\"index, follow, max-snippet:-1, max-image-preview:large, max-video-preview:-1\" \/>\n<link rel=\"canonical\" href=\"https:\/\/grpha.com\/index.php\/barandas-metalicas\/\" \/>\n<meta property=\"og:locale\" content=\"es_ES\" \/>\n<meta property=\"og:type\" content=\"article\" \/>\n<meta property=\"og:title\" content=\"Barandas Met\u00e1licas - Metalmecanica en barranquilla\" \/>\n<meta property=\"og:description\" content=\"Dise\u00f1amos ,elaboramos e instalamos barandas metalicas en Barranquilla y la costa atlantico. Consigue las tuyas hoy !\" \/>\n<meta property=\"og:url\" content=\"https:\/\/grpha.com\/index.php\/barandas-metalicas\/\" \/>\n<meta property=\"og:site_name\" content=\"Metalmecanica en barranquilla\" \/>\n<meta property=\"article:modified_time\" content=\"2022-05-09T20:57:02+00:00\" \/>\n<meta property=\"og:image\" content=\"http:\/\/grpha.com\/wp-content\/uploads\/2022\/04\/balcon-1024x445.jpg\" \/>\n<meta name=\"twitter:card\" content=\"summary_large_image\" \/>\n<meta name=\"twitter:label1\" content=\"Tiempo de lectura\" \/>\n\t<meta name=\"twitter:data1\" content=\"3 minutos\" \/>\n<script type=\"application\/ld+json\" class=\"yoast-schema-graph\">{\"@context\":\"https:\/\/schema.org\",\"@graph\":[{\"@type\":\"WebPage\",\"@id\":\"https:\/\/grpha.com\/index.php\/barandas-metalicas\/\",\"url\":\"https:\/\/grpha.com\/index.php\/barandas-metalicas\/\",\"name\":\"Barandas Met\u00e1licas - Metalmecanica en barranquilla\",\"isPartOf\":{\"@id\":\"https:\/\/grpha.com\/#website\"},\"primaryImageOfPage\":{\"@id\":\"https:\/\/grpha.com\/index.php\/barandas-metalicas\/#primaryimage\"},\"image\":{\"@id\":\"https:\/\/grpha.com\/index.php\/barandas-metalicas\/#primaryimage\"},\"thumbnailUrl\":\"http:\/\/grpha.com\/wp-content\/uploads\/2022\/04\/balcon-1024x445.jpg\",\"datePublished\":\"2022-04-08T19:32:34+00:00\",\"dateModified\":\"2022-05-09T20:57:02+00:00\",\"description\":\"Dise\u00f1amos ,elaboramos e instalamos barandas metalicas en Barranquilla y la costa atlantico. Consigue las tuyas hoy !\",\"breadcrumb\":{\"@id\":\"https:\/\/grpha.com\/index.php\/barandas-metalicas\/#breadcrumb\"},\"inLanguage\":\"es-CO\",\"potentialAction\":[{\"@type\":\"ReadAction\",\"target\":[\"https:\/\/grpha.com\/index.php\/barandas-metalicas\/\"]}]},{\"@type\":\"ImageObject\",\"inLanguage\":\"es-CO\",\"@id\":\"https:\/\/grpha.com\/index.php\/barandas-metalicas\/#primaryimage\",\"url\":\"https:\/\/grpha.com\/wp-content\/uploads\/2022\/04\/balcon.jpg\",\"contentUrl\":\"https:\/\/grpha.com\/wp-content\/uploads\/2022\/04\/balcon.jpg\",\"width\":1688,\"height\":733},{\"@type\":\"BreadcrumbList\",\"@id\":\"https:\/\/grpha.com\/index.php\/barandas-metalicas\/#breadcrumb\",\"itemListElement\":[{\"@type\":\"ListItem\",\"position\":1,\"name\":\"Home\",\"item\":\"https:\/\/grpha.com\/\"},{\"@type\":\"ListItem\",\"position\":2,\"name\":\"Barandas Met\u00e1licas\"}]},{\"@type\":\"WebSite\",\"@id\":\"https:\/\/grpha.com\/#website\",\"url\":\"https:\/\/grpha.com\/\",\"name\":\"Metalmecanica en barranquilla\",\"description\":\"Taller de Metalmecanica en barranquilla\",\"publisher\":{\"@id\":\"https:\/\/grpha.com\/#organization\"},\"potentialAction\":[{\"@type\":\"SearchAction\",\"target\":{\"@type\":\"EntryPoint\",\"urlTemplate\":\"https:\/\/grpha.com\/?s={search_term_string}\"},\"query-input\":{\"@type\":\"PropertyValueSpecification\",\"valueRequired\":true,\"valueName\":\"search_term_string\"}}],\"inLanguage\":\"es-CO\"},{\"@type\":\"Organization\",\"@id\":\"https:\/\/grpha.com\/#organization\",\"name\":\"Metalmecanica en barranquilla\",\"url\":\"https:\/\/grpha.com\/\",\"logo\":{\"@type\":\"ImageObject\",\"inLanguage\":\"es-CO\",\"@id\":\"https:\/\/grpha.com\/#\/schema\/logo\/image\/\",\"url\":\"https:\/\/grpha.com\/wp-content\/uploads\/2022\/04\/logwbsw.png\",\"contentUrl\":\"https:\/\/grpha.com\/wp-content\/uploads\/2022\/04\/logwbsw.png\",\"width\":500,\"height\":386,\"caption\":\"Metalmecanica en barranquilla\"},\"image\":{\"@id\":\"https:\/\/grpha.com\/#\/schema\/logo\/image\/\"}}]}<\/script>\n<!-- \/ Yoast SEO plugin. -->","yoast_head_json":{"title":"Barandas Met\u00e1licas - Metalmecanica en barranquilla","description":"Dise\u00f1amos ,elaboramos e instalamos barandas metalicas en Barranquilla y la costa atlantico. Consigue las tuyas hoy !","robots":{"index":"index","follow":"follow","max-snippet":"max-snippet:-1","max-image-preview":"max-image-preview:large","max-video-preview":"max-video-preview:-1"},"canonical":"https:\/\/grpha.com\/index.php\/barandas-metalicas\/","og_locale":"es_ES","og_type":"article","og_title":"Barandas Met\u00e1licas - Metalmecanica en barranquilla","og_description":"Dise\u00f1amos ,elaboramos e instalamos barandas metalicas en Barranquilla y la costa atlantico. Consigue las tuyas hoy !","og_url":"https:\/\/grpha.com\/index.php\/barandas-metalicas\/","og_site_name":"Metalmecanica en barranquilla","article_modified_time":"2022-05-09T20:57:02+00:00","og_image":[{"url":"http:\/\/grpha.com\/wp-content\/uploads\/2022\/04\/balcon-1024x445.jpg","type":"","width":"","height":""}],"twitter_card":"summary_large_image","twitter_misc":{"Tiempo de lectura":"3 minutos"},"schema":{"@context":"https:\/\/schema.org","@graph":[{"@type":"WebPage","@id":"https:\/\/grpha.com\/index.php\/barandas-metalicas\/","url":"https:\/\/grpha.com\/index.php\/barandas-metalicas\/","name":"Barandas Met\u00e1licas - Metalmecanica en barranquilla","isPartOf":{"@id":"https:\/\/grpha.com\/#website"},"primaryImageOfPage":{"@id":"https:\/\/grpha.com\/index.php\/barandas-metalicas\/#primaryimage"},"image":{"@id":"https:\/\/grpha.com\/index.php\/barandas-metalicas\/#primaryimage"},"thumbnailUrl":"http:\/\/grpha.com\/wp-content\/uploads\/2022\/04\/balcon-1024x445.jpg","datePublished":"2022-04-08T19:32:34+00:00","dateModified":"2022-05-09T20:57:02+00:00","description":"Dise\u00f1amos ,elaboramos e instalamos barandas metalicas en Barranquilla y la costa atlantico. Consigue las tuyas hoy !","breadcrumb":{"@id":"https:\/\/grpha.com\/index.php\/barandas-metalicas\/#breadcrumb"},"inLanguage":"es-CO","potentialAction":[{"@type":"ReadAction","target":["https:\/\/grpha.com\/index.php\/barandas-metalicas\/"]}]},{"@type":"ImageObject","inLanguage":"es-CO","@id":"https:\/\/grpha.com\/index.php\/barandas-metalicas\/#primaryimage","url":"https:\/\/grpha.com\/wp-content\/uploads\/2022\/04\/balcon.jpg","contentUrl":"https:\/\/grpha.com\/wp-content\/uploads\/2022\/04\/balcon.jpg","width":1688,"height":733},{"@type":"BreadcrumbList","@id":"https:\/\/grpha.com\/index.php\/barandas-metalicas\/#breadcrumb","itemListElement":[{"@type":"ListItem","position":1,"name":"Home","item":"https:\/\/grpha.com\/"},{"@type":"ListItem","position":2,"name":"Barandas Met\u00e1licas"}]},{"@type":"WebSite","@id":"https:\/\/grpha.com\/#website","url":"https:\/\/grpha.com\/","name":"Metalmecanica en barranquilla","description":"Taller de Metalmecanica en barranquilla","publisher":{"@id":"https:\/\/grpha.com\/#organization"},"potentialAction":[{"@type":"SearchAction","target":{"@type":"EntryPoint","urlTemplate":"https:\/\/grpha.com\/?s={search_term_string}"},"query-input":{"@type":"PropertyValueSpecification","valueRequired":true,"valueName":"search_term_string"}}],"inLanguage":"es-CO"},{"@type":"Organization","@id":"https:\/\/grpha.com\/#organization","name":"Metalmecanica en barranquilla","url":"https:\/\/grpha.com\/","logo":{"@type":"ImageObject","inLanguage":"es-CO","@id":"https:\/\/grpha.com\/#\/schema\/logo\/image\/","url":"https:\/\/grpha.com\/wp-content\/uploads\/2022\/04\/logwbsw.png","contentUrl":"https:\/\/grpha.com\/wp-content\/uploads\/2022\/04\/logwbsw.png","width":500,"height":386,"caption":"Metalmecanica en barranquilla"},"image":{"@id":"https:\/\/grpha.com\/#\/schema\/logo\/image\/"}}]}},"jetpack_sharing_enabled":true,"_links":{"self":[{"href":"https:\/\/grpha.com\/index.php\/wp-json\/wp\/v2\/pages\/425","targetHints":{"allow":["GET"]}}],"collection":[{"href":"https:\/\/grpha.com\/index.php\/wp-json\/wp\/v2\/pages"}],"about":[{"href":"https:\/\/grpha.com\/index.php\/wp-json\/wp\/v2\/types\/page"}],"author":[{"embeddable":true,"href":"https:\/\/grpha.com\/index.php\/wp-json\/wp\/v2\/users\/1"}],"replies":[{"embeddable":true,"href":"https:\/\/grpha.com\/index.php\/wp-json\/wp\/v2\/comments?post=425"}],"version-history":[{"count":4,"href":"https:\/\/grpha.com\/index.php\/wp-json\/wp\/v2\/pages\/425\/revisions"}],"predecessor-version":[{"id":575,"href":"https:\/\/grpha.com\/index.php\/wp-json\/wp\/v2\/pages\/425\/revisions\/575"}],"wp:attachment":[{"href":"https:\/\/grpha.com\/index.php\/wp-json\/wp\/v2\/media?parent=425"}],"curies":[{"name":"wp","href":"https:\/\/api.w.org\/{rel}","templated":true}]}}