{"id":436,"date":"2022-04-08T22:43:54","date_gmt":"2022-04-08T22:43:54","guid":{"rendered":"http:\/\/grpha.com\/?page_id=436"},"modified":"2022-04-08T22:45:05","modified_gmt":"2022-04-08T22:45:05","slug":"fachadas-metalicas","status":"publish","type":"page","link":"https:\/\/grpha.com\/index.php\/fachadas-metalicas\/","title":{"rendered":"Fachadas Met\u00e1licas"},"content":{"rendered":"\n<p>En grupo H.A es nuestra prioridad escuchar detalladamente a nuestros clientes cuando se trata de fachadas metalicas. De esta forma garantizamos que el producto final no solo cumpla con sus expectativas; sino tambi\u00e9n con los est\u00e1ndares de la industria. El motivo por el cual guardamos tanta cautela con las fachadas es que conocemos la importancia que estas brindan est\u00e9ticamente para las estructuras y edificaciones donde ser\u00e1n instaladas. Por esto mismo es importante tener una idea clara del dise\u00f1o tanto de la fachada en si como de la edificaci\u00f3n donde ser\u00e1 instalada.<\/p>\n\n\n\n<h2 class=\"wp-block-heading\">Fachadas met\u00e1licas prefabricadas<\/h2>\n\n\n\n<p>Las fachadas met\u00e1licas prefabricadas generalmente provienen de l\u00e1minas met\u00e1licas o en acero que transformamos en nuestro taller. Gracias a sus posibilidades constructivas de gran tama\u00f1o las fachadas met\u00e1licas se encuentran dentro de las tendencias en el mercado arquitect\u00f3nico y la industria de la construcci\u00f3n. Existen varios tipos de fachadas a continuaci\u00f3n varios ejemplos:<\/p>\n\n\n\n<ul class=\"wp-block-list\"><li>Lamina desplegada<\/li><li>Panel met\u00e1lico perforado<\/li><li>Rejilla de aluminio <\/li><li>Lamina ondulada<\/li><\/ul>\n\n\n\n<figure class=\"wp-block-image size-large\"><img fetchpriority=\"high\" decoding=\"async\" width=\"1024\" height=\"487\" src=\"http:\/\/grpha.com\/wp-content\/uploads\/2022\/04\/fm-1024x487.jpg\" alt=\"fachadas met\u00e1licas\" class=\"wp-image-438\" srcset=\"https:\/\/grpha.com\/wp-content\/uploads\/2022\/04\/fm-1024x487.jpg 1024w, https:\/\/grpha.com\/wp-content\/uploads\/2022\/04\/fm-300x143.jpg 300w, https:\/\/grpha.com\/wp-content\/uploads\/2022\/04\/fm-768x365.jpg 768w, https:\/\/grpha.com\/wp-content\/uploads\/2022\/04\/fm-1536x730.jpg 1536w, https:\/\/grpha.com\/wp-content\/uploads\/2022\/04\/fm.jpg 1700w\" sizes=\"(max-width: 1024px) 100vw, 1024px\" \/><\/figure>\n\n\n\n<p>No existe mejor opci\u00f3n que otra. Todos los tipos de fachadas met\u00e1licas son viables y van a depender del gusto del cliente. Cada uno de estos tipos representan una excelente opci\u00f3n como material de revestimiento de edificaciones y construcciones.<\/p>\n\n\n\n<p>Asimismo, las fachadas met\u00e1licas son como la &#8220;segunda piel&#8221; de las edificaciones. Motivo por el cual estas estructuras deben ser s\u00f3lidas y resistentes bajo cualquier circunstancia clim\u00e1tica. La instalaci\u00f3n es tambi\u00e9n una parte esencial para el desarrollo del proyecto. Una instalaci\u00f3n incorrecta no solo podr\u00eda resultar en una mala imagen de la edificaci\u00f3n; pero tambi\u00e9n en una gran cat\u00e1strofe. Usualmente los soportes de las fachadas son ensamblados directamente en las losas de la construcci\u00f3n. Luego de la mano con el dise\u00f1o arquitect\u00f3nico se le da la orientaci\u00f3n.<\/p>\n\n\n\n<h2 class=\"wp-block-heading\">Somos tu mejor opci\u00f3n en fachadas met\u00e1licas<\/h2>\n\n\n\n<p>Nuestro personal altamente capacitado te facilita tus proyectos dise\u00f1ando, elaborando y suministrando  este tipo de fachadas. De la mano con nuestros clientes construimos estructuras espectaculares que har\u00e1n sobresalir cualquier construcci\u00f3n. Contactanos hoy !<\/p>\n\n\n\n<p> <\/p>\n","protected":false},"excerpt":{"rendered":"<p>En grupo H.A es nuestra prioridad escuchar detalladamente a nuestros clientes cuando se trata de fachadas metalicas. De esta forma garantizamos que el producto final no solo cumpla con sus expectativas; sino tambi\u00e9n con los est\u00e1ndares de la industria. El motivo por el cual guardamos tanta cautela con las fachadas es que conocemos la importancia [&hellip;]<\/p>\n","protected":false},"author":1,"featured_media":0,"parent":0,"menu_order":0,"comment_status":"closed","ping_status":"closed","template":"","meta":{"_monsterinsights_skip_tracking":false,"_monsterinsights_sitenote_active":false,"_monsterinsights_sitenote_note":"","_monsterinsights_sitenote_category":0,"ocean_post_layout":"","ocean_both_sidebars_style":"","ocean_both_sidebars_content_width":0,"ocean_both_sidebars_sidebars_width":0,"ocean_sidebar":"0","ocean_second_sidebar":"0","ocean_disable_margins":"enable","ocean_add_body_class":"","ocean_shortcode_before_top_bar":"","ocean_shortcode_after_top_bar":"","ocean_shortcode_before_header":"","ocean_shortcode_after_header":"","ocean_has_shortcode":"","ocean_shortcode_after_title":"","ocean_shortcode_before_footer_widgets":"","ocean_shortcode_after_footer_widgets":"","ocean_shortcode_before_footer_bottom":"","ocean_shortcode_after_footer_bottom":"","ocean_display_top_bar":"default","ocean_display_header":"default","ocean_header_style":"","ocean_center_header_left_menu":"0","ocean_custom_header_template":"0","ocean_custom_logo":0,"ocean_custom_retina_logo":0,"ocean_custom_logo_max_width":0,"ocean_custom_logo_tablet_max_width":0,"ocean_custom_logo_mobile_max_width":0,"ocean_custom_logo_max_height":0,"ocean_custom_logo_tablet_max_height":0,"ocean_custom_logo_mobile_max_height":0,"ocean_header_custom_menu":"0","ocean_menu_typo_font_family":"0","ocean_menu_typo_font_subset":"","ocean_menu_typo_font_size":0,"ocean_menu_typo_font_size_tablet":0,"ocean_menu_typo_font_size_mobile":0,"ocean_menu_typo_font_size_unit":"px","ocean_menu_typo_font_weight":"","ocean_menu_typo_font_weight_tablet":"","ocean_menu_typo_font_weight_mobile":"","ocean_menu_typo_transform":"","ocean_menu_typo_transform_tablet":"","ocean_menu_typo_transform_mobile":"","ocean_menu_typo_line_height":0,"ocean_menu_typo_line_height_tablet":0,"ocean_menu_typo_line_height_mobile":0,"ocean_menu_typo_line_height_unit":"","ocean_menu_typo_spacing":0,"ocean_menu_typo_spacing_tablet":0,"ocean_menu_typo_spacing_mobile":0,"ocean_menu_typo_spacing_unit":"","ocean_menu_link_color":"","ocean_menu_link_color_hover":"","ocean_menu_link_color_active":"","ocean_menu_link_background":"","ocean_menu_link_hover_background":"","ocean_menu_link_active_background":"","ocean_menu_social_links_bg":"","ocean_menu_social_hover_links_bg":"","ocean_menu_social_links_color":"","ocean_menu_social_hover_links_color":"","ocean_disable_title":"default","ocean_disable_heading":"default","ocean_post_title":"","ocean_post_subheading":"","ocean_post_title_style":"","ocean_post_title_background_color":"","ocean_post_title_background":0,"ocean_post_title_bg_image_position":"","ocean_post_title_bg_image_attachment":"","ocean_post_title_bg_image_repeat":"","ocean_post_title_bg_image_size":"","ocean_post_title_height":0,"ocean_post_title_bg_overlay":0.5,"ocean_post_title_bg_overlay_color":"","ocean_disable_breadcrumbs":"default","ocean_breadcrumbs_color":"","ocean_breadcrumbs_separator_color":"","ocean_breadcrumbs_links_color":"","ocean_breadcrumbs_links_hover_color":"","ocean_display_footer_widgets":"default","ocean_display_footer_bottom":"default","ocean_custom_footer_template":"0","footnotes":""},"class_list":["post-436","page","type-page","status-publish","hentry","entry"],"yoast_head":"<!-- This site is optimized with the Yoast SEO plugin v27.1.1 - https:\/\/yoast.com\/product\/yoast-seo-wordpress\/ -->\n<title>Fachadas Met\u00e1licas - Metalmecanica en barranquilla<\/title>\n<meta name=\"description\" content=\"Nuestro personal altamente capacitado te facilita tus proyectos dise\u00f1ando, elaborando y suministrando fachadas met\u00e1licas en Barranquilla.\" \/>\n<meta name=\"robots\" content=\"index, follow, max-snippet:-1, max-image-preview:large, max-video-preview:-1\" \/>\n<link rel=\"canonical\" href=\"https:\/\/grpha.com\/index.php\/fachadas-metalicas\/\" \/>\n<meta property=\"og:locale\" content=\"es_ES\" \/>\n<meta property=\"og:type\" content=\"article\" \/>\n<meta property=\"og:title\" content=\"Fachadas Met\u00e1licas - Metalmecanica en barranquilla\" \/>\n<meta property=\"og:description\" content=\"Nuestro personal altamente capacitado te facilita tus proyectos dise\u00f1ando, elaborando y suministrando fachadas met\u00e1licas en Barranquilla.\" \/>\n<meta property=\"og:url\" content=\"https:\/\/grpha.com\/index.php\/fachadas-metalicas\/\" \/>\n<meta property=\"og:site_name\" content=\"Metalmecanica en barranquilla\" \/>\n<meta property=\"article:modified_time\" content=\"2022-04-08T22:45:05+00:00\" \/>\n<meta property=\"og:image\" content=\"http:\/\/grpha.com\/wp-content\/uploads\/2022\/04\/fm-1024x487.jpg\" \/>\n<meta name=\"twitter:card\" content=\"summary_large_image\" \/>\n<meta name=\"twitter:label1\" content=\"Tiempo de lectura\" \/>\n\t<meta name=\"twitter:data1\" content=\"2 minutos\" \/>\n<script type=\"application\/ld+json\" class=\"yoast-schema-graph\">{\"@context\":\"https:\/\/schema.org\",\"@graph\":[{\"@type\":\"WebPage\",\"@id\":\"https:\/\/grpha.com\/index.php\/fachadas-metalicas\/\",\"url\":\"https:\/\/grpha.com\/index.php\/fachadas-metalicas\/\",\"name\":\"Fachadas Met\u00e1licas - Metalmecanica en barranquilla\",\"isPartOf\":{\"@id\":\"https:\/\/grpha.com\/#website\"},\"primaryImageOfPage\":{\"@id\":\"https:\/\/grpha.com\/index.php\/fachadas-metalicas\/#primaryimage\"},\"image\":{\"@id\":\"https:\/\/grpha.com\/index.php\/fachadas-metalicas\/#primaryimage\"},\"thumbnailUrl\":\"http:\/\/grpha.com\/wp-content\/uploads\/2022\/04\/fm-1024x487.jpg\",\"datePublished\":\"2022-04-08T22:43:54+00:00\",\"dateModified\":\"2022-04-08T22:45:05+00:00\",\"description\":\"Nuestro personal altamente capacitado te facilita tus proyectos dise\u00f1ando, elaborando y suministrando fachadas met\u00e1licas en Barranquilla.\",\"breadcrumb\":{\"@id\":\"https:\/\/grpha.com\/index.php\/fachadas-metalicas\/#breadcrumb\"},\"inLanguage\":\"es-CO\",\"potentialAction\":[{\"@type\":\"ReadAction\",\"target\":[\"https:\/\/grpha.com\/index.php\/fachadas-metalicas\/\"]}]},{\"@type\":\"ImageObject\",\"inLanguage\":\"es-CO\",\"@id\":\"https:\/\/grpha.com\/index.php\/fachadas-metalicas\/#primaryimage\",\"url\":\"https:\/\/grpha.com\/wp-content\/uploads\/2022\/04\/fm.jpg\",\"contentUrl\":\"https:\/\/grpha.com\/wp-content\/uploads\/2022\/04\/fm.jpg\",\"width\":1700,\"height\":808},{\"@type\":\"BreadcrumbList\",\"@id\":\"https:\/\/grpha.com\/index.php\/fachadas-metalicas\/#breadcrumb\",\"itemListElement\":[{\"@type\":\"ListItem\",\"position\":1,\"name\":\"Home\",\"item\":\"https:\/\/grpha.com\/\"},{\"@type\":\"ListItem\",\"position\":2,\"name\":\"Fachadas Met\u00e1licas\"}]},{\"@type\":\"WebSite\",\"@id\":\"https:\/\/grpha.com\/#website\",\"url\":\"https:\/\/grpha.com\/\",\"name\":\"Metalmecanica en barranquilla\",\"description\":\"Taller de Metalmecanica en barranquilla\",\"publisher\":{\"@id\":\"https:\/\/grpha.com\/#organization\"},\"potentialAction\":[{\"@type\":\"SearchAction\",\"target\":{\"@type\":\"EntryPoint\",\"urlTemplate\":\"https:\/\/grpha.com\/?s={search_term_string}\"},\"query-input\":{\"@type\":\"PropertyValueSpecification\",\"valueRequired\":true,\"valueName\":\"search_term_string\"}}],\"inLanguage\":\"es-CO\"},{\"@type\":\"Organization\",\"@id\":\"https:\/\/grpha.com\/#organization\",\"name\":\"Metalmecanica en barranquilla\",\"url\":\"https:\/\/grpha.com\/\",\"logo\":{\"@type\":\"ImageObject\",\"inLanguage\":\"es-CO\",\"@id\":\"https:\/\/grpha.com\/#\/schema\/logo\/image\/\",\"url\":\"https:\/\/grpha.com\/wp-content\/uploads\/2022\/04\/logwbsw.png\",\"contentUrl\":\"https:\/\/grpha.com\/wp-content\/uploads\/2022\/04\/logwbsw.png\",\"width\":500,\"height\":386,\"caption\":\"Metalmecanica en barranquilla\"},\"image\":{\"@id\":\"https:\/\/grpha.com\/#\/schema\/logo\/image\/\"}}]}<\/script>\n<!-- \/ Yoast SEO plugin. -->","yoast_head_json":{"title":"Fachadas Met\u00e1licas - Metalmecanica en barranquilla","description":"Nuestro personal altamente capacitado te facilita tus proyectos dise\u00f1ando, elaborando y suministrando fachadas met\u00e1licas en Barranquilla.","robots":{"index":"index","follow":"follow","max-snippet":"max-snippet:-1","max-image-preview":"max-image-preview:large","max-video-preview":"max-video-preview:-1"},"canonical":"https:\/\/grpha.com\/index.php\/fachadas-metalicas\/","og_locale":"es_ES","og_type":"article","og_title":"Fachadas Met\u00e1licas - Metalmecanica en barranquilla","og_description":"Nuestro personal altamente capacitado te facilita tus proyectos dise\u00f1ando, elaborando y suministrando fachadas met\u00e1licas en Barranquilla.","og_url":"https:\/\/grpha.com\/index.php\/fachadas-metalicas\/","og_site_name":"Metalmecanica en barranquilla","article_modified_time":"2022-04-08T22:45:05+00:00","og_image":[{"url":"http:\/\/grpha.com\/wp-content\/uploads\/2022\/04\/fm-1024x487.jpg","type":"","width":"","height":""}],"twitter_card":"summary_large_image","twitter_misc":{"Tiempo de lectura":"2 minutos"},"schema":{"@context":"https:\/\/schema.org","@graph":[{"@type":"WebPage","@id":"https:\/\/grpha.com\/index.php\/fachadas-metalicas\/","url":"https:\/\/grpha.com\/index.php\/fachadas-metalicas\/","name":"Fachadas Met\u00e1licas - Metalmecanica en barranquilla","isPartOf":{"@id":"https:\/\/grpha.com\/#website"},"primaryImageOfPage":{"@id":"https:\/\/grpha.com\/index.php\/fachadas-metalicas\/#primaryimage"},"image":{"@id":"https:\/\/grpha.com\/index.php\/fachadas-metalicas\/#primaryimage"},"thumbnailUrl":"http:\/\/grpha.com\/wp-content\/uploads\/2022\/04\/fm-1024x487.jpg","datePublished":"2022-04-08T22:43:54+00:00","dateModified":"2022-04-08T22:45:05+00:00","description":"Nuestro personal altamente capacitado te facilita tus proyectos dise\u00f1ando, elaborando y suministrando fachadas met\u00e1licas en Barranquilla.","breadcrumb":{"@id":"https:\/\/grpha.com\/index.php\/fachadas-metalicas\/#breadcrumb"},"inLanguage":"es-CO","potentialAction":[{"@type":"ReadAction","target":["https:\/\/grpha.com\/index.php\/fachadas-metalicas\/"]}]},{"@type":"ImageObject","inLanguage":"es-CO","@id":"https:\/\/grpha.com\/index.php\/fachadas-metalicas\/#primaryimage","url":"https:\/\/grpha.com\/wp-content\/uploads\/2022\/04\/fm.jpg","contentUrl":"https:\/\/grpha.com\/wp-content\/uploads\/2022\/04\/fm.jpg","width":1700,"height":808},{"@type":"BreadcrumbList","@id":"https:\/\/grpha.com\/index.php\/fachadas-metalicas\/#breadcrumb","itemListElement":[{"@type":"ListItem","position":1,"name":"Home","item":"https:\/\/grpha.com\/"},{"@type":"ListItem","position":2,"name":"Fachadas Met\u00e1licas"}]},{"@type":"WebSite","@id":"https:\/\/grpha.com\/#website","url":"https:\/\/grpha.com\/","name":"Metalmecanica en barranquilla","description":"Taller de Metalmecanica en barranquilla","publisher":{"@id":"https:\/\/grpha.com\/#organization"},"potentialAction":[{"@type":"SearchAction","target":{"@type":"EntryPoint","urlTemplate":"https:\/\/grpha.com\/?s={search_term_string}"},"query-input":{"@type":"PropertyValueSpecification","valueRequired":true,"valueName":"search_term_string"}}],"inLanguage":"es-CO"},{"@type":"Organization","@id":"https:\/\/grpha.com\/#organization","name":"Metalmecanica en barranquilla","url":"https:\/\/grpha.com\/","logo":{"@type":"ImageObject","inLanguage":"es-CO","@id":"https:\/\/grpha.com\/#\/schema\/logo\/image\/","url":"https:\/\/grpha.com\/wp-content\/uploads\/2022\/04\/logwbsw.png","contentUrl":"https:\/\/grpha.com\/wp-content\/uploads\/2022\/04\/logwbsw.png","width":500,"height":386,"caption":"Metalmecanica en barranquilla"},"image":{"@id":"https:\/\/grpha.com\/#\/schema\/logo\/image\/"}}]}},"jetpack_sharing_enabled":true,"_links":{"self":[{"href":"https:\/\/grpha.com\/index.php\/wp-json\/wp\/v2\/pages\/436","targetHints":{"allow":["GET"]}}],"collection":[{"href":"https:\/\/grpha.com\/index.php\/wp-json\/wp\/v2\/pages"}],"about":[{"href":"https:\/\/grpha.com\/index.php\/wp-json\/wp\/v2\/types\/page"}],"author":[{"embeddable":true,"href":"https:\/\/grpha.com\/index.php\/wp-json\/wp\/v2\/users\/1"}],"replies":[{"embeddable":true,"href":"https:\/\/grpha.com\/index.php\/wp-json\/wp\/v2\/comments?post=436"}],"version-history":[{"count":4,"href":"https:\/\/grpha.com\/index.php\/wp-json\/wp\/v2\/pages\/436\/revisions"}],"predecessor-version":[{"id":553,"href":"https:\/\/grpha.com\/index.php\/wp-json\/wp\/v2\/pages\/436\/revisions\/553"}],"wp:attachment":[{"href":"https:\/\/grpha.com\/index.php\/wp-json\/wp\/v2\/media?parent=436"}],"curies":[{"name":"wp","href":"https:\/\/api.w.org\/{rel}","templated":true}]}}