{"id":589,"date":"2022-05-13T16:47:29","date_gmt":"2022-05-13T16:47:29","guid":{"rendered":"http:\/\/grpha.com\/?page_id=589"},"modified":"2022-05-13T16:48:44","modified_gmt":"2022-05-13T16:48:44","slug":"carpinteria-metalica","status":"publish","type":"page","link":"https:\/\/grpha.com\/index.php\/carpinteria-metalica\/","title":{"rendered":"Carpinter\u00eda Met\u00e1lica"},"content":{"rendered":"\n<figure class=\"wp-block-gallery has-nested-images columns-default is-cropped wp-block-gallery-1 is-layout-flex wp-block-gallery-is-layout-flex\">\n<figure class=\"wp-block-image size-large\"><img fetchpriority=\"high\" decoding=\"async\" width=\"1280\" height=\"1445\" data-id=\"591\" src=\"http:\/\/grpha.com\/wp-content\/uploads\/2022\/05\/pexels-pixabay-73833.jpg\" alt=\"\" class=\"wp-image-591\" srcset=\"https:\/\/grpha.com\/wp-content\/uploads\/2022\/05\/pexels-pixabay-73833.jpg 1280w, https:\/\/grpha.com\/wp-content\/uploads\/2022\/05\/pexels-pixabay-73833-266x300.jpg 266w, https:\/\/grpha.com\/wp-content\/uploads\/2022\/05\/pexels-pixabay-73833-907x1024.jpg 907w, https:\/\/grpha.com\/wp-content\/uploads\/2022\/05\/pexels-pixabay-73833-768x867.jpg 768w\" sizes=\"(max-width: 1280px) 100vw, 1280px\" \/><\/figure>\n\n\n\n<figure class=\"wp-block-image size-large\"><img decoding=\"async\" width=\"1024\" height=\"683\" data-id=\"594\" src=\"http:\/\/grpha.com\/wp-content\/uploads\/2022\/05\/pexels-luis-quintero-1659749-1024x683.jpg\" alt=\"\" class=\"wp-image-594\" srcset=\"https:\/\/grpha.com\/wp-content\/uploads\/2022\/05\/pexels-luis-quintero-1659749-1024x683.jpg 1024w, https:\/\/grpha.com\/wp-content\/uploads\/2022\/05\/pexels-luis-quintero-1659749-300x200.jpg 300w, https:\/\/grpha.com\/wp-content\/uploads\/2022\/05\/pexels-luis-quintero-1659749-768x512.jpg 768w, https:\/\/grpha.com\/wp-content\/uploads\/2022\/05\/pexels-luis-quintero-1659749-1536x1024.jpg 1536w, https:\/\/grpha.com\/wp-content\/uploads\/2022\/05\/pexels-luis-quintero-1659749-2048x1365.jpg 2048w\" sizes=\"(max-width: 1024px) 100vw, 1024px\" \/><\/figure>\n\n\n\n<figure class=\"wp-block-image size-large\"><img decoding=\"async\" width=\"772\" height=\"1024\" data-id=\"595\" src=\"http:\/\/grpha.com\/wp-content\/uploads\/2022\/05\/pexels-byron-sullivan-4571941-772x1024.jpg\" alt=\"\" class=\"wp-image-595\" srcset=\"https:\/\/grpha.com\/wp-content\/uploads\/2022\/05\/pexels-byron-sullivan-4571941-772x1024.jpg 772w, https:\/\/grpha.com\/wp-content\/uploads\/2022\/05\/pexels-byron-sullivan-4571941-226x300.jpg 226w, https:\/\/grpha.com\/wp-content\/uploads\/2022\/05\/pexels-byron-sullivan-4571941-768x1018.jpg 768w, https:\/\/grpha.com\/wp-content\/uploads\/2022\/05\/pexels-byron-sullivan-4571941-1158x1536.jpg 1158w, https:\/\/grpha.com\/wp-content\/uploads\/2022\/05\/pexels-byron-sullivan-4571941-1544x2048.jpg 1544w, https:\/\/grpha.com\/wp-content\/uploads\/2022\/05\/pexels-byron-sullivan-4571941-scaled.jpg 1931w\" sizes=\"(max-width: 772px) 100vw, 772px\" \/><\/figure>\n<\/figure>\n\n\n\n<h2 class=\"wp-block-heading\">Carpinter\u00eda Met\u00e1lica: Arte en acero<\/h2>\n\n\n\n<p>La carpinter\u00eda met\u00e1lica es una secci\u00f3n de la construcci\u00f3n que se encarga de abarcar los componentes en metal de estas. Se puede dividir en dos secciones principales que son componentes tales como, barandas, rejillas, puertas, ventanas, etc. Y por otro lado las estructuras, El dise\u00f1o y fabricaci\u00f3n de estos componentes est\u00e1n regidos en la construcci\u00f3n por diversas normas las cuales se deben seguir rigurosamente para garantizar la estabilidad y seguridad de estas secciones en las obras, para garantizar la calidad y el cumplimiento de las normas se recomienda realizar la fabricaci\u00f3n de todos estos componentes en talleres especializados ya que mediante esta manera se pueden establecer procesos de fabricaci\u00f3n que aumentan la calidad.<\/p>\n\n\n\n<p>Los materiales utilizados para la fabricaci\u00f3n de los componentes de carpinter\u00eda met\u00e1lica son el acero y el aluminio. Siendo el primero de los dos mucho m\u00e1s usado por su mayor resistencia estructural y en muchos casos usado como material contra incendios. En Colombia se recomienda el uso de aceros galvanizados en ambientes con alto nivel de corrosi\u00f3n debido a que su protecci\u00f3n con zinc les da una larga vida a los componentes<\/p>\n\n\n\n<h2 class=\"wp-block-heading\">Normas en dise\u00f1o y fabricaci\u00f3n<\/h2>\n\n\n\n<p>Las normas por usar para el dise\u00f1o y fabricaci\u00f3n de los componentes pueden variar dependiendo del estilo de la obra, su uso y su lugar geogr\u00e1fico de ejecuci\u00f3n. La fabricaci\u00f3n de componentes de acero se realiza mediante diferentes procesos como cortes mecanizados. La uni\u00f3n de piezas mediante sujeciones mec\u00e1nicas qu\u00edmicas y\/o de soldadura los cuales garantizan la resistencia estructural deseada en cada uno de los componentes. Fabricados adicionalmente a esto es recomendable usar protecciones para los materiales que llevan entre otras; masillas de poli\u00e9ster y diferentes aplicaciones de pinturas en diferentes espesores de pinturas dependiendo de los requerimientos que debe soportar el componente. En cada uno de los procesos mencionados anteriormente se deben realizar inspecciones de calidad para asegurar la calidad final del producto.<\/p>\n\n\n\n<div class=\"wp-block-image\"><figure class=\"aligncenter size-full\"><img loading=\"lazy\" decoding=\"async\" width=\"800\" height=\"450\" src=\"http:\/\/grpha.com\/wp-content\/uploads\/2022\/05\/cm.jpg\" alt=\"\" class=\"wp-image-590\" srcset=\"https:\/\/grpha.com\/wp-content\/uploads\/2022\/05\/cm.jpg 800w, https:\/\/grpha.com\/wp-content\/uploads\/2022\/05\/cm-300x169.jpg 300w, https:\/\/grpha.com\/wp-content\/uploads\/2022\/05\/cm-768x432.jpg 768w\" sizes=\"(max-width: 800px) 100vw, 800px\" \/><\/figure><\/div>\n","protected":false},"excerpt":{"rendered":"<p>Carpinter\u00eda Met\u00e1lica: Arte en acero La carpinter\u00eda met\u00e1lica es una secci\u00f3n de la construcci\u00f3n que se encarga de abarcar los componentes en metal de estas. Se puede dividir en dos secciones principales que son componentes tales como, barandas, rejillas, puertas, ventanas, etc. Y por otro lado las estructuras, El dise\u00f1o y fabricaci\u00f3n de estos componentes [&hellip;]<\/p>\n","protected":false},"author":1,"featured_media":0,"parent":0,"menu_order":0,"comment_status":"closed","ping_status":"closed","template":"","meta":{"_monsterinsights_skip_tracking":false,"_monsterinsights_sitenote_active":false,"_monsterinsights_sitenote_note":"","_monsterinsights_sitenote_category":0,"ocean_post_layout":"","ocean_both_sidebars_style":"","ocean_both_sidebars_content_width":0,"ocean_both_sidebars_sidebars_width":0,"ocean_sidebar":"0","ocean_second_sidebar":"0","ocean_disable_margins":"enable","ocean_add_body_class":"","ocean_shortcode_before_top_bar":"","ocean_shortcode_after_top_bar":"","ocean_shortcode_before_header":"","ocean_shortcode_after_header":"","ocean_has_shortcode":"","ocean_shortcode_after_title":"","ocean_shortcode_before_footer_widgets":"","ocean_shortcode_after_footer_widgets":"","ocean_shortcode_before_footer_bottom":"","ocean_shortcode_after_footer_bottom":"","ocean_display_top_bar":"default","ocean_display_header":"default","ocean_header_style":"","ocean_center_header_left_menu":"0","ocean_custom_header_template":"0","ocean_custom_logo":0,"ocean_custom_retina_logo":0,"ocean_custom_logo_max_width":0,"ocean_custom_logo_tablet_max_width":0,"ocean_custom_logo_mobile_max_width":0,"ocean_custom_logo_max_height":0,"ocean_custom_logo_tablet_max_height":0,"ocean_custom_logo_mobile_max_height":0,"ocean_header_custom_menu":"0","ocean_menu_typo_font_family":"0","ocean_menu_typo_font_subset":"","ocean_menu_typo_font_size":0,"ocean_menu_typo_font_size_tablet":0,"ocean_menu_typo_font_size_mobile":0,"ocean_menu_typo_font_size_unit":"px","ocean_menu_typo_font_weight":"","ocean_menu_typo_font_weight_tablet":"","ocean_menu_typo_font_weight_mobile":"","ocean_menu_typo_transform":"","ocean_menu_typo_transform_tablet":"","ocean_menu_typo_transform_mobile":"","ocean_menu_typo_line_height":0,"ocean_menu_typo_line_height_tablet":0,"ocean_menu_typo_line_height_mobile":0,"ocean_menu_typo_line_height_unit":"","ocean_menu_typo_spacing":0,"ocean_menu_typo_spacing_tablet":0,"ocean_menu_typo_spacing_mobile":0,"ocean_menu_typo_spacing_unit":"","ocean_menu_link_color":"","ocean_menu_link_color_hover":"","ocean_menu_link_color_active":"","ocean_menu_link_background":"","ocean_menu_link_hover_background":"","ocean_menu_link_active_background":"","ocean_menu_social_links_bg":"","ocean_menu_social_hover_links_bg":"","ocean_menu_social_links_color":"","ocean_menu_social_hover_links_color":"","ocean_disable_title":"default","ocean_disable_heading":"default","ocean_post_title":"","ocean_post_subheading":"","ocean_post_title_style":"","ocean_post_title_background_color":"","ocean_post_title_background":0,"ocean_post_title_bg_image_position":"","ocean_post_title_bg_image_attachment":"","ocean_post_title_bg_image_repeat":"","ocean_post_title_bg_image_size":"","ocean_post_title_height":0,"ocean_post_title_bg_overlay":0.5,"ocean_post_title_bg_overlay_color":"","ocean_disable_breadcrumbs":"default","ocean_breadcrumbs_color":"","ocean_breadcrumbs_separator_color":"","ocean_breadcrumbs_links_color":"","ocean_breadcrumbs_links_hover_color":"","ocean_display_footer_widgets":"default","ocean_display_footer_bottom":"default","ocean_custom_footer_template":"0","footnotes":""},"class_list":["post-589","page","type-page","status-publish","hentry","entry"],"yoast_head":"<!-- This site is optimized with the Yoast SEO plugin v27.1.1 - https:\/\/yoast.com\/product\/yoast-seo-wordpress\/ -->\n<title>Carpinter\u00eda Met\u00e1lica - Metalmecanica en barranquilla<\/title>\n<meta name=\"description\" content=\"En grupo HA hacemos carpinter\u00eda met\u00e1lica para suministrar estructuras en acero de alta calidad. Encuentranos en barranquilla,contactanos hoy.\" \/>\n<meta name=\"robots\" content=\"index, follow, max-snippet:-1, max-image-preview:large, max-video-preview:-1\" \/>\n<link rel=\"canonical\" href=\"https:\/\/grpha.com\/index.php\/carpinteria-metalica\/\" \/>\n<meta property=\"og:locale\" content=\"es_ES\" \/>\n<meta property=\"og:type\" content=\"article\" \/>\n<meta property=\"og:title\" content=\"Carpinter\u00eda Met\u00e1lica - Metalmecanica en barranquilla\" \/>\n<meta property=\"og:description\" content=\"En grupo HA hacemos carpinter\u00eda met\u00e1lica para suministrar estructuras en acero de alta calidad. Encuentranos en barranquilla,contactanos hoy.\" \/>\n<meta property=\"og:url\" content=\"https:\/\/grpha.com\/index.php\/carpinteria-metalica\/\" \/>\n<meta property=\"og:site_name\" content=\"Metalmecanica en barranquilla\" \/>\n<meta property=\"article:modified_time\" content=\"2022-05-13T16:48:44+00:00\" \/>\n<meta property=\"og:image\" content=\"http:\/\/grpha.com\/wp-content\/uploads\/2022\/05\/pexels-pixabay-73833.jpg\" \/>\n<meta name=\"twitter:card\" content=\"summary_large_image\" \/>\n<meta name=\"twitter:label1\" content=\"Tiempo de lectura\" \/>\n\t<meta name=\"twitter:data1\" content=\"3 minutos\" \/>\n<script type=\"application\/ld+json\" class=\"yoast-schema-graph\">{\"@context\":\"https:\/\/schema.org\",\"@graph\":[{\"@type\":\"WebPage\",\"@id\":\"https:\/\/grpha.com\/index.php\/carpinteria-metalica\/\",\"url\":\"https:\/\/grpha.com\/index.php\/carpinteria-metalica\/\",\"name\":\"Carpinter\u00eda Met\u00e1lica - Metalmecanica en barranquilla\",\"isPartOf\":{\"@id\":\"https:\/\/grpha.com\/#website\"},\"primaryImageOfPage\":{\"@id\":\"https:\/\/grpha.com\/index.php\/carpinteria-metalica\/#primaryimage\"},\"image\":{\"@id\":\"https:\/\/grpha.com\/index.php\/carpinteria-metalica\/#primaryimage\"},\"thumbnailUrl\":\"http:\/\/grpha.com\/wp-content\/uploads\/2022\/05\/pexels-pixabay-73833.jpg\",\"datePublished\":\"2022-05-13T16:47:29+00:00\",\"dateModified\":\"2022-05-13T16:48:44+00:00\",\"description\":\"En grupo HA hacemos carpinter\u00eda met\u00e1lica para suministrar estructuras en acero de alta calidad. Encuentranos en barranquilla,contactanos hoy.\",\"breadcrumb\":{\"@id\":\"https:\/\/grpha.com\/index.php\/carpinteria-metalica\/#breadcrumb\"},\"inLanguage\":\"es-CO\",\"potentialAction\":[{\"@type\":\"ReadAction\",\"target\":[\"https:\/\/grpha.com\/index.php\/carpinteria-metalica\/\"]}]},{\"@type\":\"ImageObject\",\"inLanguage\":\"es-CO\",\"@id\":\"https:\/\/grpha.com\/index.php\/carpinteria-metalica\/#primaryimage\",\"url\":\"https:\/\/grpha.com\/wp-content\/uploads\/2022\/05\/pexels-pixabay-73833.jpg\",\"contentUrl\":\"https:\/\/grpha.com\/wp-content\/uploads\/2022\/05\/pexels-pixabay-73833.jpg\",\"width\":1280,\"height\":1445},{\"@type\":\"BreadcrumbList\",\"@id\":\"https:\/\/grpha.com\/index.php\/carpinteria-metalica\/#breadcrumb\",\"itemListElement\":[{\"@type\":\"ListItem\",\"position\":1,\"name\":\"Home\",\"item\":\"https:\/\/grpha.com\/\"},{\"@type\":\"ListItem\",\"position\":2,\"name\":\"Carpinter\u00eda Met\u00e1lica\"}]},{\"@type\":\"WebSite\",\"@id\":\"https:\/\/grpha.com\/#website\",\"url\":\"https:\/\/grpha.com\/\",\"name\":\"Metalmecanica en barranquilla\",\"description\":\"Taller de Metalmecanica en barranquilla\",\"publisher\":{\"@id\":\"https:\/\/grpha.com\/#organization\"},\"potentialAction\":[{\"@type\":\"SearchAction\",\"target\":{\"@type\":\"EntryPoint\",\"urlTemplate\":\"https:\/\/grpha.com\/?s={search_term_string}\"},\"query-input\":{\"@type\":\"PropertyValueSpecification\",\"valueRequired\":true,\"valueName\":\"search_term_string\"}}],\"inLanguage\":\"es-CO\"},{\"@type\":\"Organization\",\"@id\":\"https:\/\/grpha.com\/#organization\",\"name\":\"Metalmecanica en barranquilla\",\"url\":\"https:\/\/grpha.com\/\",\"logo\":{\"@type\":\"ImageObject\",\"inLanguage\":\"es-CO\",\"@id\":\"https:\/\/grpha.com\/#\/schema\/logo\/image\/\",\"url\":\"https:\/\/grpha.com\/wp-content\/uploads\/2022\/04\/logwbsw.png\",\"contentUrl\":\"https:\/\/grpha.com\/wp-content\/uploads\/2022\/04\/logwbsw.png\",\"width\":500,\"height\":386,\"caption\":\"Metalmecanica en barranquilla\"},\"image\":{\"@id\":\"https:\/\/grpha.com\/#\/schema\/logo\/image\/\"}}]}<\/script>\n<!-- \/ Yoast SEO plugin. -->","yoast_head_json":{"title":"Carpinter\u00eda Met\u00e1lica - Metalmecanica en barranquilla","description":"En grupo HA hacemos carpinter\u00eda met\u00e1lica para suministrar estructuras en acero de alta calidad. Encuentranos en barranquilla,contactanos hoy.","robots":{"index":"index","follow":"follow","max-snippet":"max-snippet:-1","max-image-preview":"max-image-preview:large","max-video-preview":"max-video-preview:-1"},"canonical":"https:\/\/grpha.com\/index.php\/carpinteria-metalica\/","og_locale":"es_ES","og_type":"article","og_title":"Carpinter\u00eda Met\u00e1lica - Metalmecanica en barranquilla","og_description":"En grupo HA hacemos carpinter\u00eda met\u00e1lica para suministrar estructuras en acero de alta calidad. Encuentranos en barranquilla,contactanos hoy.","og_url":"https:\/\/grpha.com\/index.php\/carpinteria-metalica\/","og_site_name":"Metalmecanica en barranquilla","article_modified_time":"2022-05-13T16:48:44+00:00","og_image":[{"url":"http:\/\/grpha.com\/wp-content\/uploads\/2022\/05\/pexels-pixabay-73833.jpg","type":"","width":"","height":""}],"twitter_card":"summary_large_image","twitter_misc":{"Tiempo de lectura":"3 minutos"},"schema":{"@context":"https:\/\/schema.org","@graph":[{"@type":"WebPage","@id":"https:\/\/grpha.com\/index.php\/carpinteria-metalica\/","url":"https:\/\/grpha.com\/index.php\/carpinteria-metalica\/","name":"Carpinter\u00eda Met\u00e1lica - Metalmecanica en barranquilla","isPartOf":{"@id":"https:\/\/grpha.com\/#website"},"primaryImageOfPage":{"@id":"https:\/\/grpha.com\/index.php\/carpinteria-metalica\/#primaryimage"},"image":{"@id":"https:\/\/grpha.com\/index.php\/carpinteria-metalica\/#primaryimage"},"thumbnailUrl":"http:\/\/grpha.com\/wp-content\/uploads\/2022\/05\/pexels-pixabay-73833.jpg","datePublished":"2022-05-13T16:47:29+00:00","dateModified":"2022-05-13T16:48:44+00:00","description":"En grupo HA hacemos carpinter\u00eda met\u00e1lica para suministrar estructuras en acero de alta calidad. Encuentranos en barranquilla,contactanos hoy.","breadcrumb":{"@id":"https:\/\/grpha.com\/index.php\/carpinteria-metalica\/#breadcrumb"},"inLanguage":"es-CO","potentialAction":[{"@type":"ReadAction","target":["https:\/\/grpha.com\/index.php\/carpinteria-metalica\/"]}]},{"@type":"ImageObject","inLanguage":"es-CO","@id":"https:\/\/grpha.com\/index.php\/carpinteria-metalica\/#primaryimage","url":"https:\/\/grpha.com\/wp-content\/uploads\/2022\/05\/pexels-pixabay-73833.jpg","contentUrl":"https:\/\/grpha.com\/wp-content\/uploads\/2022\/05\/pexels-pixabay-73833.jpg","width":1280,"height":1445},{"@type":"BreadcrumbList","@id":"https:\/\/grpha.com\/index.php\/carpinteria-metalica\/#breadcrumb","itemListElement":[{"@type":"ListItem","position":1,"name":"Home","item":"https:\/\/grpha.com\/"},{"@type":"ListItem","position":2,"name":"Carpinter\u00eda Met\u00e1lica"}]},{"@type":"WebSite","@id":"https:\/\/grpha.com\/#website","url":"https:\/\/grpha.com\/","name":"Metalmecanica en barranquilla","description":"Taller de Metalmecanica en barranquilla","publisher":{"@id":"https:\/\/grpha.com\/#organization"},"potentialAction":[{"@type":"SearchAction","target":{"@type":"EntryPoint","urlTemplate":"https:\/\/grpha.com\/?s={search_term_string}"},"query-input":{"@type":"PropertyValueSpecification","valueRequired":true,"valueName":"search_term_string"}}],"inLanguage":"es-CO"},{"@type":"Organization","@id":"https:\/\/grpha.com\/#organization","name":"Metalmecanica en barranquilla","url":"https:\/\/grpha.com\/","logo":{"@type":"ImageObject","inLanguage":"es-CO","@id":"https:\/\/grpha.com\/#\/schema\/logo\/image\/","url":"https:\/\/grpha.com\/wp-content\/uploads\/2022\/04\/logwbsw.png","contentUrl":"https:\/\/grpha.com\/wp-content\/uploads\/2022\/04\/logwbsw.png","width":500,"height":386,"caption":"Metalmecanica en barranquilla"},"image":{"@id":"https:\/\/grpha.com\/#\/schema\/logo\/image\/"}}]}},"jetpack_sharing_enabled":true,"_links":{"self":[{"href":"https:\/\/grpha.com\/index.php\/wp-json\/wp\/v2\/pages\/589","targetHints":{"allow":["GET"]}}],"collection":[{"href":"https:\/\/grpha.com\/index.php\/wp-json\/wp\/v2\/pages"}],"about":[{"href":"https:\/\/grpha.com\/index.php\/wp-json\/wp\/v2\/types\/page"}],"author":[{"embeddable":true,"href":"https:\/\/grpha.com\/index.php\/wp-json\/wp\/v2\/users\/1"}],"replies":[{"embeddable":true,"href":"https:\/\/grpha.com\/index.php\/wp-json\/wp\/v2\/comments?post=589"}],"version-history":[{"count":3,"href":"https:\/\/grpha.com\/index.php\/wp-json\/wp\/v2\/pages\/589\/revisions"}],"predecessor-version":[{"id":597,"href":"https:\/\/grpha.com\/index.php\/wp-json\/wp\/v2\/pages\/589\/revisions\/597"}],"wp:attachment":[{"href":"https:\/\/grpha.com\/index.php\/wp-json\/wp\/v2\/media?parent=589"}],"curies":[{"name":"wp","href":"https:\/\/api.w.org\/{rel}","templated":true}]}}