{"id":637,"date":"2022-07-13T19:51:13","date_gmt":"2022-07-13T19:51:13","guid":{"rendered":"http:\/\/grpha.com\/?page_id=637"},"modified":"2022-07-13T19:51:57","modified_gmt":"2022-07-13T19:51:57","slug":"taller-de-metalmecanica-barranquilla","status":"publish","type":"page","link":"https:\/\/grpha.com\/index.php\/taller-de-metalmecanica-barranquilla\/","title":{"rendered":"Taller de metalmecanica en barranquilla"},"content":{"rendered":"\n<h2 class=\"wp-block-heading\">Taller de metalmecanica en barranquilla<\/h2>\n\n\n\n<p>Somos un taller de metalmecanica en barranquilla, una empresa orientada a la satisfacci\u00f3n de<br>nuestros clientes, a trav\u00e9s de la prestaci\u00f3n de servicios de dise\u00f1o, fabricaci\u00f3n e instalaci\u00f3n de estructuras y componentes en acero para el sector de la construcci\u00f3n. Fabricamos a medida cada uno de los proyectos de acuerdo a las necesidades espec\u00edficas de nuestros clientes. Contamos con un equipo humano, competente y con una alta sensibilidad social y en constante desarrollo integral de sus cualidades. Nos distinguimos por ser proactivos en la gesti\u00f3n de nuestro crecimiento econ\u00f3mico, log\u00edstico,tecnol\u00f3gico y de participaci\u00f3n de mercado, paralelo al crecimiento de nuestros colaboradores.<\/p>\n\n\n\n<p>Por supuesto que , En nuestra planta dise\u00f1amos y fabricamos estructuras y componentes en acero, para luego realizar el montaje bajo estrictas normas de seguridad y precisi\u00f3n.<\/p>\n\n\n<div class=\"wp-block-image\">\n<figure class=\"aligncenter size-full is-resized\"><img fetchpriority=\"high\" decoding=\"async\" src=\"http:\/\/grpha.com\/wp-content\/uploads\/2022\/07\/hafd12.png\" alt=\"metalmecanica barranquilla\" class=\"wp-image-638\" width=\"377\" height=\"502\" srcset=\"https:\/\/grpha.com\/wp-content\/uploads\/2022\/07\/hafd12.png 500w, https:\/\/grpha.com\/wp-content\/uploads\/2022\/07\/hafd12-225x300.png 225w\" sizes=\"(max-width: 377px) 100vw, 377px\" \/><\/figure>\n<\/div>\n\n\n<h2 class=\"wp-block-heading\">Estructuras<\/h2>\n\n\n\n<p>Realizamos estructuras para:<\/p>\n\n\n\n<ul class=\"wp-block-list\"><li>Bodegas y edificios<\/li><li>Pergolas<\/li><li>Cubiertas<\/li><li><a href=\"http:\/\/grpha.com\/index.php\/fachadas-metalicas\/\">Fachadas internas y flotantes<\/a><\/li><\/ul>\n\n\n\n<h2 class=\"wp-block-heading\">Componentes<\/h2>\n\n\n\n<p>Elaboramos los siguientes componentes<\/p>\n\n\n\n<ul class=\"wp-block-list\"><li><a href=\"http:\/\/grpha.com\/index.php\/barandas-metalicas\/\">Barandas <\/a><\/li><li>Puertas<\/li><li>Pasamanos<\/li><li>Rejillas<\/li><li>Ventanas<\/li><\/ul>\n\n\n\n<p>Nuestro equipo est\u00e1 disponible de lunes a viernes entre las 8AM y 5PM para atender cualquier solicitud que est\u00e9 dentro de nuestra \u00e1rea de trabajo.Cont\u00e1ctanos hoy para recibir m\u00e1s informaci\u00f3n de nuestros productos y servicios. <\/p>\n\n\n\n<p class=\"has-small-font-size\">P\u00e1gina web desarrollada por <a href=\"https:\/\/pranatecmkt.com\/\">Pranatec Marketing<\/a>.<\/p>\n","protected":false},"excerpt":{"rendered":"<p>Taller de metalmecanica en barranquilla Somos un taller de metalmecanica en barranquilla, una empresa orientada a la satisfacci\u00f3n denuestros clientes, a trav\u00e9s de la prestaci\u00f3n de servicios de dise\u00f1o, fabricaci\u00f3n e instalaci\u00f3n de estructuras y componentes en acero para el sector de la construcci\u00f3n. Fabricamos a medida cada uno de los proyectos de acuerdo a [&hellip;]<\/p>\n","protected":false},"author":1,"featured_media":441,"parent":0,"menu_order":0,"comment_status":"closed","ping_status":"closed","template":"","meta":{"_monsterinsights_skip_tracking":false,"_monsterinsights_sitenote_active":false,"_monsterinsights_sitenote_note":"","_monsterinsights_sitenote_category":0,"ocean_post_layout":"full-width","ocean_both_sidebars_style":"","ocean_both_sidebars_content_width":0,"ocean_both_sidebars_sidebars_width":0,"ocean_sidebar":"0","ocean_second_sidebar":"0","ocean_disable_margins":"enable","ocean_add_body_class":"","ocean_shortcode_before_top_bar":"","ocean_shortcode_after_top_bar":"","ocean_shortcode_before_header":"","ocean_shortcode_after_header":"","ocean_has_shortcode":"","ocean_shortcode_after_title":"","ocean_shortcode_before_footer_widgets":"","ocean_shortcode_after_footer_widgets":"","ocean_shortcode_before_footer_bottom":"","ocean_shortcode_after_footer_bottom":"","ocean_display_top_bar":"default","ocean_display_header":"default","ocean_header_style":"","ocean_center_header_left_menu":"0","ocean_custom_header_template":"0","ocean_custom_logo":0,"ocean_custom_retina_logo":0,"ocean_custom_logo_max_width":0,"ocean_custom_logo_tablet_max_width":0,"ocean_custom_logo_mobile_max_width":0,"ocean_custom_logo_max_height":0,"ocean_custom_logo_tablet_max_height":0,"ocean_custom_logo_mobile_max_height":0,"ocean_header_custom_menu":"0","ocean_menu_typo_font_family":"0","ocean_menu_typo_font_subset":"","ocean_menu_typo_font_size":0,"ocean_menu_typo_font_size_tablet":0,"ocean_menu_typo_font_size_mobile":0,"ocean_menu_typo_font_size_unit":"px","ocean_menu_typo_font_weight":"","ocean_menu_typo_font_weight_tablet":"","ocean_menu_typo_font_weight_mobile":"","ocean_menu_typo_transform":"","ocean_menu_typo_transform_tablet":"","ocean_menu_typo_transform_mobile":"","ocean_menu_typo_line_height":0,"ocean_menu_typo_line_height_tablet":0,"ocean_menu_typo_line_height_mobile":0,"ocean_menu_typo_line_height_unit":"","ocean_menu_typo_spacing":0,"ocean_menu_typo_spacing_tablet":0,"ocean_menu_typo_spacing_mobile":0,"ocean_menu_typo_spacing_unit":"","ocean_menu_link_color":"","ocean_menu_link_color_hover":"","ocean_menu_link_color_active":"","ocean_menu_link_background":"","ocean_menu_link_hover_background":"","ocean_menu_link_active_background":"","ocean_menu_social_links_bg":"","ocean_menu_social_hover_links_bg":"","ocean_menu_social_links_color":"","ocean_menu_social_hover_links_color":"","ocean_disable_title":"default","ocean_disable_heading":"default","ocean_post_title":"","ocean_post_subheading":"","ocean_post_title_style":"","ocean_post_title_background_color":"","ocean_post_title_background":0,"ocean_post_title_bg_image_position":"","ocean_post_title_bg_image_attachment":"","ocean_post_title_bg_image_repeat":"","ocean_post_title_bg_image_size":"","ocean_post_title_height":0,"ocean_post_title_bg_overlay":0.5,"ocean_post_title_bg_overlay_color":"","ocean_disable_breadcrumbs":"default","ocean_breadcrumbs_color":"","ocean_breadcrumbs_separator_color":"","ocean_breadcrumbs_links_color":"","ocean_breadcrumbs_links_hover_color":"","ocean_display_footer_widgets":"default","ocean_display_footer_bottom":"default","ocean_custom_footer_template":"0","footnotes":""},"class_list":["post-637","page","type-page","status-publish","has-post-thumbnail","hentry","entry","has-media"],"yoast_head":"<!-- This site is optimized with the Yoast SEO plugin v27.1.1 - https:\/\/yoast.com\/product\/yoast-seo-wordpress\/ -->\n<title>Taller de metalmecanica en barranquilla<\/title>\n<meta name=\"description\" content=\"Taller de metalmecanica barranquilla. Somos especialistas en hacer arte en acero, contactanos hoy para m\u00e1s informaci\u00f3n.\" \/>\n<meta name=\"robots\" content=\"index, follow, max-snippet:-1, max-image-preview:large, max-video-preview:-1\" \/>\n<link rel=\"canonical\" href=\"https:\/\/grpha.com\/index.php\/taller-de-metalmecanica-barranquilla\/\" \/>\n<meta property=\"og:locale\" content=\"es_ES\" \/>\n<meta property=\"og:type\" content=\"article\" \/>\n<meta property=\"og:title\" content=\"Taller de metalmecanica en barranquilla\" \/>\n<meta property=\"og:description\" content=\"Taller de metalmecanica barranquilla. Somos especialistas en hacer arte en acero, contactanos hoy para m\u00e1s informaci\u00f3n.\" \/>\n<meta property=\"og:url\" content=\"https:\/\/grpha.com\/index.php\/taller-de-metalmecanica-barranquilla\/\" \/>\n<meta property=\"og:site_name\" content=\"Metalmecanica en barranquilla\" \/>\n<meta property=\"article:modified_time\" content=\"2022-07-13T19:51:57+00:00\" \/>\n<meta property=\"og:image\" content=\"https:\/\/grpha.com\/wp-content\/uploads\/2022\/04\/logwbs.png\" \/>\n\t<meta property=\"og:image:width\" content=\"300\" \/>\n\t<meta property=\"og:image:height\" content=\"232\" \/>\n\t<meta property=\"og:image:type\" content=\"image\/png\" \/>\n<meta name=\"twitter:card\" content=\"summary_large_image\" \/>\n<meta name=\"twitter:label1\" content=\"Tiempo de lectura\" \/>\n\t<meta name=\"twitter:data1\" content=\"2 minutos\" \/>\n<script type=\"application\/ld+json\" class=\"yoast-schema-graph\">{\"@context\":\"https:\/\/schema.org\",\"@graph\":[{\"@type\":\"WebPage\",\"@id\":\"https:\/\/grpha.com\/index.php\/taller-de-metalmecanica-barranquilla\/\",\"url\":\"https:\/\/grpha.com\/index.php\/taller-de-metalmecanica-barranquilla\/\",\"name\":\"Taller de metalmecanica en barranquilla\",\"isPartOf\":{\"@id\":\"https:\/\/grpha.com\/#website\"},\"primaryImageOfPage\":{\"@id\":\"https:\/\/grpha.com\/index.php\/taller-de-metalmecanica-barranquilla\/#primaryimage\"},\"image\":{\"@id\":\"https:\/\/grpha.com\/index.php\/taller-de-metalmecanica-barranquilla\/#primaryimage\"},\"thumbnailUrl\":\"https:\/\/grpha.com\/wp-content\/uploads\/2022\/04\/logwbs.png\",\"datePublished\":\"2022-07-13T19:51:13+00:00\",\"dateModified\":\"2022-07-13T19:51:57+00:00\",\"description\":\"Taller de metalmecanica barranquilla. Somos especialistas en hacer arte en acero, contactanos hoy para m\u00e1s informaci\u00f3n.\",\"breadcrumb\":{\"@id\":\"https:\/\/grpha.com\/index.php\/taller-de-metalmecanica-barranquilla\/#breadcrumb\"},\"inLanguage\":\"es-CO\",\"potentialAction\":[{\"@type\":\"ReadAction\",\"target\":[\"https:\/\/grpha.com\/index.php\/taller-de-metalmecanica-barranquilla\/\"]}]},{\"@type\":\"ImageObject\",\"inLanguage\":\"es-CO\",\"@id\":\"https:\/\/grpha.com\/index.php\/taller-de-metalmecanica-barranquilla\/#primaryimage\",\"url\":\"https:\/\/grpha.com\/wp-content\/uploads\/2022\/04\/logwbs.png\",\"contentUrl\":\"https:\/\/grpha.com\/wp-content\/uploads\/2022\/04\/logwbs.png\",\"width\":300,\"height\":232},{\"@type\":\"BreadcrumbList\",\"@id\":\"https:\/\/grpha.com\/index.php\/taller-de-metalmecanica-barranquilla\/#breadcrumb\",\"itemListElement\":[{\"@type\":\"ListItem\",\"position\":1,\"name\":\"Home\",\"item\":\"https:\/\/grpha.com\/\"},{\"@type\":\"ListItem\",\"position\":2,\"name\":\"Taller de metalmecanica en barranquilla\"}]},{\"@type\":\"WebSite\",\"@id\":\"https:\/\/grpha.com\/#website\",\"url\":\"https:\/\/grpha.com\/\",\"name\":\"Metalmecanica en barranquilla\",\"description\":\"Taller de Metalmecanica en barranquilla\",\"publisher\":{\"@id\":\"https:\/\/grpha.com\/#organization\"},\"potentialAction\":[{\"@type\":\"SearchAction\",\"target\":{\"@type\":\"EntryPoint\",\"urlTemplate\":\"https:\/\/grpha.com\/?s={search_term_string}\"},\"query-input\":{\"@type\":\"PropertyValueSpecification\",\"valueRequired\":true,\"valueName\":\"search_term_string\"}}],\"inLanguage\":\"es-CO\"},{\"@type\":\"Organization\",\"@id\":\"https:\/\/grpha.com\/#organization\",\"name\":\"Metalmecanica en barranquilla\",\"url\":\"https:\/\/grpha.com\/\",\"logo\":{\"@type\":\"ImageObject\",\"inLanguage\":\"es-CO\",\"@id\":\"https:\/\/grpha.com\/#\/schema\/logo\/image\/\",\"url\":\"https:\/\/grpha.com\/wp-content\/uploads\/2022\/04\/logwbsw.png\",\"contentUrl\":\"https:\/\/grpha.com\/wp-content\/uploads\/2022\/04\/logwbsw.png\",\"width\":500,\"height\":386,\"caption\":\"Metalmecanica en barranquilla\"},\"image\":{\"@id\":\"https:\/\/grpha.com\/#\/schema\/logo\/image\/\"}}]}<\/script>\n<!-- \/ Yoast SEO plugin. -->","yoast_head_json":{"title":"Taller de metalmecanica en barranquilla","description":"Taller de metalmecanica barranquilla. Somos especialistas en hacer arte en acero, contactanos hoy para m\u00e1s informaci\u00f3n.","robots":{"index":"index","follow":"follow","max-snippet":"max-snippet:-1","max-image-preview":"max-image-preview:large","max-video-preview":"max-video-preview:-1"},"canonical":"https:\/\/grpha.com\/index.php\/taller-de-metalmecanica-barranquilla\/","og_locale":"es_ES","og_type":"article","og_title":"Taller de metalmecanica en barranquilla","og_description":"Taller de metalmecanica barranquilla. Somos especialistas en hacer arte en acero, contactanos hoy para m\u00e1s informaci\u00f3n.","og_url":"https:\/\/grpha.com\/index.php\/taller-de-metalmecanica-barranquilla\/","og_site_name":"Metalmecanica en barranquilla","article_modified_time":"2022-07-13T19:51:57+00:00","og_image":[{"width":300,"height":232,"url":"https:\/\/grpha.com\/wp-content\/uploads\/2022\/04\/logwbs.png","type":"image\/png"}],"twitter_card":"summary_large_image","twitter_misc":{"Tiempo de lectura":"2 minutos"},"schema":{"@context":"https:\/\/schema.org","@graph":[{"@type":"WebPage","@id":"https:\/\/grpha.com\/index.php\/taller-de-metalmecanica-barranquilla\/","url":"https:\/\/grpha.com\/index.php\/taller-de-metalmecanica-barranquilla\/","name":"Taller de metalmecanica en barranquilla","isPartOf":{"@id":"https:\/\/grpha.com\/#website"},"primaryImageOfPage":{"@id":"https:\/\/grpha.com\/index.php\/taller-de-metalmecanica-barranquilla\/#primaryimage"},"image":{"@id":"https:\/\/grpha.com\/index.php\/taller-de-metalmecanica-barranquilla\/#primaryimage"},"thumbnailUrl":"https:\/\/grpha.com\/wp-content\/uploads\/2022\/04\/logwbs.png","datePublished":"2022-07-13T19:51:13+00:00","dateModified":"2022-07-13T19:51:57+00:00","description":"Taller de metalmecanica barranquilla. Somos especialistas en hacer arte en acero, contactanos hoy para m\u00e1s informaci\u00f3n.","breadcrumb":{"@id":"https:\/\/grpha.com\/index.php\/taller-de-metalmecanica-barranquilla\/#breadcrumb"},"inLanguage":"es-CO","potentialAction":[{"@type":"ReadAction","target":["https:\/\/grpha.com\/index.php\/taller-de-metalmecanica-barranquilla\/"]}]},{"@type":"ImageObject","inLanguage":"es-CO","@id":"https:\/\/grpha.com\/index.php\/taller-de-metalmecanica-barranquilla\/#primaryimage","url":"https:\/\/grpha.com\/wp-content\/uploads\/2022\/04\/logwbs.png","contentUrl":"https:\/\/grpha.com\/wp-content\/uploads\/2022\/04\/logwbs.png","width":300,"height":232},{"@type":"BreadcrumbList","@id":"https:\/\/grpha.com\/index.php\/taller-de-metalmecanica-barranquilla\/#breadcrumb","itemListElement":[{"@type":"ListItem","position":1,"name":"Home","item":"https:\/\/grpha.com\/"},{"@type":"ListItem","position":2,"name":"Taller de metalmecanica en barranquilla"}]},{"@type":"WebSite","@id":"https:\/\/grpha.com\/#website","url":"https:\/\/grpha.com\/","name":"Metalmecanica en barranquilla","description":"Taller de Metalmecanica en barranquilla","publisher":{"@id":"https:\/\/grpha.com\/#organization"},"potentialAction":[{"@type":"SearchAction","target":{"@type":"EntryPoint","urlTemplate":"https:\/\/grpha.com\/?s={search_term_string}"},"query-input":{"@type":"PropertyValueSpecification","valueRequired":true,"valueName":"search_term_string"}}],"inLanguage":"es-CO"},{"@type":"Organization","@id":"https:\/\/grpha.com\/#organization","name":"Metalmecanica en barranquilla","url":"https:\/\/grpha.com\/","logo":{"@type":"ImageObject","inLanguage":"es-CO","@id":"https:\/\/grpha.com\/#\/schema\/logo\/image\/","url":"https:\/\/grpha.com\/wp-content\/uploads\/2022\/04\/logwbsw.png","contentUrl":"https:\/\/grpha.com\/wp-content\/uploads\/2022\/04\/logwbsw.png","width":500,"height":386,"caption":"Metalmecanica en barranquilla"},"image":{"@id":"https:\/\/grpha.com\/#\/schema\/logo\/image\/"}}]}},"jetpack_sharing_enabled":true,"_links":{"self":[{"href":"https:\/\/grpha.com\/index.php\/wp-json\/wp\/v2\/pages\/637","targetHints":{"allow":["GET"]}}],"collection":[{"href":"https:\/\/grpha.com\/index.php\/wp-json\/wp\/v2\/pages"}],"about":[{"href":"https:\/\/grpha.com\/index.php\/wp-json\/wp\/v2\/types\/page"}],"author":[{"embeddable":true,"href":"https:\/\/grpha.com\/index.php\/wp-json\/wp\/v2\/users\/1"}],"replies":[{"embeddable":true,"href":"https:\/\/grpha.com\/index.php\/wp-json\/wp\/v2\/comments?post=637"}],"version-history":[{"count":1,"href":"https:\/\/grpha.com\/index.php\/wp-json\/wp\/v2\/pages\/637\/revisions"}],"predecessor-version":[{"id":639,"href":"https:\/\/grpha.com\/index.php\/wp-json\/wp\/v2\/pages\/637\/revisions\/639"}],"wp:featuredmedia":[{"embeddable":true,"href":"https:\/\/grpha.com\/index.php\/wp-json\/wp\/v2\/media\/441"}],"wp:attachment":[{"href":"https:\/\/grpha.com\/index.php\/wp-json\/wp\/v2\/media?parent=637"}],"curies":[{"name":"wp","href":"https:\/\/api.w.org\/{rel}","templated":true}]}}