{"id":647,"date":"2023-05-15T23:39:04","date_gmt":"2023-05-15T23:39:04","guid":{"rendered":"http:\/\/grpha.com\/?page_id=647"},"modified":"2023-05-16T15:24:47","modified_gmt":"2023-05-16T15:24:47","slug":"rejillas-metalicas","status":"publish","type":"page","link":"https:\/\/grpha.com\/index.php\/rejillas-metalicas\/","title":{"rendered":"Rejillas Met\u00e1licas"},"content":{"rendered":"\n<p>En Grupo HA fabricamos e instalamos rejillas met\u00e1licas con acero galvanizado. Proveemos un producto de calidad, duradero y funcional para brindar a nuestros clientes. Las rejillas met\u00e1licas son estructuras formadas por barras o l\u00e1minas de metal que se entrecruzan para formar una superficie con aberturas regulares. Se utilizan para cubrir o permitir el paso de aire y luz en diversas aplicaciones como ventilaci\u00f3n, filtraci\u00f3n&nbsp;y&nbsp;protecci\u00f3n. Las rejillas met\u00e1licas pueden ser fabricadas en diferentes materiales como: acero, aluminio o hierro fundido. Su dise\u00f1o puede variar en funci\u00f3n de su aplicaci\u00f3n, tama\u00f1o y forma de las aberturas. Se utilizan en una amplia variedad de sectores como la construcci\u00f3n, la industria alimentaria, la automotriz y la naval, entre otros. Adem\u00e1s, pueden ser personalizadas seg\u00fan las necesidades espec\u00edficas de&nbsp;cada&nbsp;proyecto.<\/p>\n\n\n\n<h2 class=\"wp-block-heading\">Tipos de rejillas met\u00e1licas<\/h2>\n\n\n\n<p><strong>Rejillas met\u00e1licas en acero:<\/strong> Son las m\u00e1s comunes y se utilizan en una variedad de aplicaciones industriales. Son extremadamente fuertes y duraderas, lo que las hace ideales para aplicaciones de carga pesada.<\/p>\n\n\n<div class=\"wp-block-image\">\n<figure class=\"aligncenter size-full\"><img decoding=\"async\" width=\"380\" height=\"76\" src=\"http:\/\/grpha.com\/wp-content\/uploads\/2023\/05\/rja.jpg\" alt=\"Rejilla met\u00e1lica en acero\" class=\"wp-image-654\" srcset=\"https:\/\/grpha.com\/wp-content\/uploads\/2023\/05\/rja.jpg 380w, https:\/\/grpha.com\/wp-content\/uploads\/2023\/05\/rja-300x60.jpg 300w\" sizes=\"(max-width: 380px) 100vw, 380px\" \/><\/figure>\n<\/div>\n\n\n<p><strong>Rejillas met\u00e1licas en aluminio:<\/strong> Son ligeras y resistentes a la corrosi\u00f3n. ideales para aplicaciones en entornos h\u00famedos o corrosivos. Sin embargo, no son tan fuertes como las rejillas de acero y no son ideales para aplicaciones de carga pesada.<\/p>\n\n\n<div class=\"wp-block-image\">\n<figure class=\"aligncenter size-full is-resized\"><img decoding=\"async\" src=\"http:\/\/grpha.com\/wp-content\/uploads\/2023\/05\/20636-8725061.jpg\" alt=\"Rejilla met\u00e1lica en aluminio\" class=\"wp-image-655\" width=\"256\" height=\"177\" srcset=\"https:\/\/grpha.com\/wp-content\/uploads\/2023\/05\/20636-8725061.jpg 1024w, https:\/\/grpha.com\/wp-content\/uploads\/2023\/05\/20636-8725061-300x207.jpg 300w, https:\/\/grpha.com\/wp-content\/uploads\/2023\/05\/20636-8725061-768x531.jpg 768w\" sizes=\"(max-width: 256px) 100vw, 256px\" \/><\/figure>\n<\/div>\n\n\n<p><strong>Rejillas met\u00e1licas en acero inoxidable:<\/strong> Son extremadamente resistentes a la corrosi\u00f3n y al desgaste. Al igual que las met\u00e1licas son ideales para cargas pesadas, sin embargo el costo de estas es mayor.<\/p>\n\n\n<div class=\"wp-block-image\">\n<figure class=\"aligncenter size-full\"><img fetchpriority=\"high\" decoding=\"async\" width=\"552\" height=\"201\" src=\"http:\/\/grpha.com\/wp-content\/uploads\/2023\/05\/rmai.jpg\" alt=\"Rejilla met\u00e1lica en acero inoxidable\" class=\"wp-image-656\" srcset=\"https:\/\/grpha.com\/wp-content\/uploads\/2023\/05\/rmai.jpg 552w, https:\/\/grpha.com\/wp-content\/uploads\/2023\/05\/rmai-300x109.jpg 300w\" sizes=\"(max-width: 552px) 100vw, 552px\" \/><\/figure>\n<\/div>\n\n\n<p><strong>Rejillas met\u00e1licas en acero galvanizado:<\/strong> Est\u00e1n recubiertas de zinc para protegerlas contra la corrosi\u00f3n y el desgaste. Son extremadamente duraderas y resistentes, lo que las hace ideales para aplicaciones en entornos h\u00famedos o corrosivos. Tambi\u00e9n son f\u00e1ciles de instalar y mantener. Sin embargo, pueden oxidarse con el tiempo si no se tratan adecuadamente.<\/p>\n\n\n<div class=\"wp-block-image\">\n<figure class=\"aligncenter size-full is-resized\"><img loading=\"lazy\" decoding=\"async\" src=\"http:\/\/grpha.com\/wp-content\/uploads\/2023\/05\/rjag.jpg\" alt=\"Rejilla met\u00e1lica en acero galvanizado\" class=\"wp-image-657\" width=\"288\" height=\"148\" srcset=\"https:\/\/grpha.com\/wp-content\/uploads\/2023\/05\/rjag.jpg 812w, https:\/\/grpha.com\/wp-content\/uploads\/2023\/05\/rjag-300x153.jpg 300w, https:\/\/grpha.com\/wp-content\/uploads\/2023\/05\/rjag-768x393.jpg 768w, https:\/\/grpha.com\/wp-content\/uploads\/2023\/05\/rjag-800x415.jpg 800w\" sizes=\"(max-width: 288px) 100vw, 288px\" \/><\/figure>\n<\/div>\n\n\n<h2 class=\"wp-block-heading\">Rejillas met\u00e1licas industriales<\/h2>\n\n\n\n<p>Cuando se trata de aplicaciones industriales, elegir los materiales adecuados puede marcar la diferencia. Un material que destaca por su durabilidad, versatilidad y rentabilidad es el enrejado met\u00e1lico. En entornos industriales dif\u00edciles las estas pueden :<\/p>\n\n\n\n<ul class=\"wp-block-list\"><li>Soportar cargas pesadas. <\/li><\/ul>\n\n\n\n<ul class=\"wp-block-list\"><li>Temperaturas extremas. <\/li><\/ul>\n\n\n\n<ul class=\"wp-block-list\"><li>Productos qu\u00edmicos agresivos.<\/li><\/ul>\n\n\n\n<p>Esto las convierte en una opci\u00f3n fiable y rentable. Para mejorar seguridad , eficacia e infraestructura; las rejillas son una opci\u00f3n excelente. <\/p>\n\n\n<div class=\"wp-block-image\">\n<figure class=\"aligncenter size-full is-resized\"><img loading=\"lazy\" decoding=\"async\" src=\"http:\/\/grpha.com\/wp-content\/uploads\/2023\/05\/1rj.jpg\" alt=\"Rejillas met\u00e1licas industriales\" class=\"wp-image-659\" width=\"497\" height=\"344\" srcset=\"https:\/\/grpha.com\/wp-content\/uploads\/2023\/05\/1rj.jpg 800w, https:\/\/grpha.com\/wp-content\/uploads\/2023\/05\/1rj-300x208.jpg 300w, https:\/\/grpha.com\/wp-content\/uploads\/2023\/05\/1rj-768x532.jpg 768w\" sizes=\"(max-width: 497px) 100vw, 497px\" \/><\/figure>\n<\/div>\n\n\n<h2 class=\"wp-block-heading\">Ventajas Globales<\/h2>\n\n\n\n<p>Desde su resistencia y durabilidad hasta su resistencia a la corrosi\u00f3n y sus reducidos requisitos de mantenimiento. Trataremos todo lo que necesita saber sobre este material en su aspecto mas global. Es decir para aplicaciones comerciales de todo tama\u00f1o y residencias:<\/p>\n\n\n\n<ul class=\"wp-block-list\"><li>Durabilidad y resistencia<\/li><li>Seguridad<\/li><li>Ventilaci\u00f3n y drenaje<\/li><li>F\u00e1cil Instalaci\u00f3n y mantenimiento<\/li><\/ul>\n\n\n<div class=\"wp-block-image\">\n<figure class=\"aligncenter size-full is-resized\"><img loading=\"lazy\" decoding=\"async\" src=\"http:\/\/grpha.com\/wp-content\/uploads\/2023\/05\/rjgph.jpg\" alt=\"Rejillas met\u00e1licas\" class=\"wp-image-660\" width=\"646\" height=\"424\" srcset=\"https:\/\/grpha.com\/wp-content\/uploads\/2023\/05\/rjgph.jpg 980w, https:\/\/grpha.com\/wp-content\/uploads\/2023\/05\/rjgph-300x197.jpg 300w, https:\/\/grpha.com\/wp-content\/uploads\/2023\/05\/rjgph-768x505.jpg 768w\" sizes=\"(max-width: 646px) 100vw, 646px\" \/><\/figure>\n<\/div>\n\n\n<p>Necesitas ideas para dise\u00f1ar tus rejillas ? mira <a href=\"https:\/\/www.youtube.com\/watch?v=EExJb0JA5K0&amp;ab_channel=DecorPuzzle\">este video<\/a> !<\/p>\n\n\n\n<h2 class=\"wp-block-heading\">Adquiere tus rejillas con nosotros<\/h2>\n\n\n\n<p>Nuestro equipo no solo fabrica e instala tus rejillas ideales, pero tambi\u00e9n te asesora para que lleves tu producto ideal. <a href=\"http:\/\/grpha.com\/#CONTACTO\">Cont\u00e1ctanos hoy<\/a> !<\/p>\n\n\n\n<p><\/p>\n","protected":false},"excerpt":{"rendered":"<p>En Grupo HA fabricamos e instalamos rejillas met\u00e1licas con acero galvanizado. Proveemos un producto de calidad, duradero y funcional para brindar a nuestros clientes. Las rejillas met\u00e1licas son estructuras formadas por barras o l\u00e1minas de metal que se entrecruzan para formar una superficie con aberturas regulares. Se utilizan para cubrir o permitir el paso de [&hellip;]<\/p>\n","protected":false},"author":1,"featured_media":0,"parent":0,"menu_order":0,"comment_status":"closed","ping_status":"closed","template":"","meta":{"_monsterinsights_skip_tracking":false,"_monsterinsights_sitenote_active":false,"_monsterinsights_sitenote_note":"","_monsterinsights_sitenote_category":0,"ocean_post_layout":"full-width","ocean_both_sidebars_style":"","ocean_both_sidebars_content_width":0,"ocean_both_sidebars_sidebars_width":0,"ocean_sidebar":"0","ocean_second_sidebar":"0","ocean_disable_margins":"enable","ocean_add_body_class":"","ocean_shortcode_before_top_bar":"","ocean_shortcode_after_top_bar":"","ocean_shortcode_before_header":"","ocean_shortcode_after_header":"","ocean_has_shortcode":"","ocean_shortcode_after_title":"","ocean_shortcode_before_footer_widgets":"","ocean_shortcode_after_footer_widgets":"","ocean_shortcode_before_footer_bottom":"","ocean_shortcode_after_footer_bottom":"","ocean_display_top_bar":"default","ocean_display_header":"default","ocean_header_style":"","ocean_center_header_left_menu":"0","ocean_custom_header_template":"0","ocean_custom_logo":0,"ocean_custom_retina_logo":0,"ocean_custom_logo_max_width":0,"ocean_custom_logo_tablet_max_width":0,"ocean_custom_logo_mobile_max_width":0,"ocean_custom_logo_max_height":0,"ocean_custom_logo_tablet_max_height":0,"ocean_custom_logo_mobile_max_height":0,"ocean_header_custom_menu":"0","ocean_menu_typo_font_family":"0","ocean_menu_typo_font_subset":"","ocean_menu_typo_font_size":0,"ocean_menu_typo_font_size_tablet":0,"ocean_menu_typo_font_size_mobile":0,"ocean_menu_typo_font_size_unit":"px","ocean_menu_typo_font_weight":"","ocean_menu_typo_font_weight_tablet":"","ocean_menu_typo_font_weight_mobile":"","ocean_menu_typo_transform":"","ocean_menu_typo_transform_tablet":"","ocean_menu_typo_transform_mobile":"","ocean_menu_typo_line_height":0,"ocean_menu_typo_line_height_tablet":0,"ocean_menu_typo_line_height_mobile":0,"ocean_menu_typo_line_height_unit":"","ocean_menu_typo_spacing":0,"ocean_menu_typo_spacing_tablet":0,"ocean_menu_typo_spacing_mobile":0,"ocean_menu_typo_spacing_unit":"","ocean_menu_link_color":"","ocean_menu_link_color_hover":"","ocean_menu_link_color_active":"","ocean_menu_link_background":"","ocean_menu_link_hover_background":"","ocean_menu_link_active_background":"","ocean_menu_social_links_bg":"","ocean_menu_social_hover_links_bg":"","ocean_menu_social_links_color":"","ocean_menu_social_hover_links_color":"","ocean_disable_title":"default","ocean_disable_heading":"default","ocean_post_title":"","ocean_post_subheading":"","ocean_post_title_style":"","ocean_post_title_background_color":"","ocean_post_title_background":0,"ocean_post_title_bg_image_position":"","ocean_post_title_bg_image_attachment":"","ocean_post_title_bg_image_repeat":"","ocean_post_title_bg_image_size":"","ocean_post_title_height":0,"ocean_post_title_bg_overlay":0.5,"ocean_post_title_bg_overlay_color":"","ocean_disable_breadcrumbs":"default","ocean_breadcrumbs_color":"","ocean_breadcrumbs_separator_color":"","ocean_breadcrumbs_links_color":"","ocean_breadcrumbs_links_hover_color":"","ocean_display_footer_widgets":"default","ocean_display_footer_bottom":"default","ocean_custom_footer_template":"0","footnotes":""},"class_list":["post-647","page","type-page","status-publish","hentry","entry"],"yoast_head":"<!-- This site is optimized with the Yoast SEO plugin v27.1.1 - https:\/\/yoast.com\/product\/yoast-seo-wordpress\/ -->\n<title>Rejillas Met\u00e1licas en Barranquilla<\/title>\n<meta name=\"description\" content=\"Contamos con todo tipo de rejillas met\u00e1licas: En acero galvanizado, Acero inoxidable, Aluminio y mas ! Cont\u00e1ctanos hoy y adquiere las tuyas .\" \/>\n<meta name=\"robots\" content=\"index, follow, max-snippet:-1, max-image-preview:large, max-video-preview:-1\" \/>\n<link rel=\"canonical\" href=\"https:\/\/grpha.com\/index.php\/rejillas-metalicas\/\" \/>\n<meta property=\"og:locale\" content=\"es_ES\" \/>\n<meta property=\"og:type\" content=\"article\" \/>\n<meta property=\"og:title\" content=\"Rejillas Met\u00e1licas en Barranquilla\" \/>\n<meta property=\"og:description\" content=\"Contamos con todo tipo de rejillas met\u00e1licas: En acero galvanizado, Acero inoxidable, Aluminio y mas ! Cont\u00e1ctanos hoy y adquiere las tuyas .\" \/>\n<meta property=\"og:url\" content=\"https:\/\/grpha.com\/index.php\/rejillas-metalicas\/\" \/>\n<meta property=\"og:site_name\" content=\"Metalmecanica en barranquilla\" \/>\n<meta property=\"article:modified_time\" content=\"2023-05-16T15:24:47+00:00\" \/>\n<meta property=\"og:image\" content=\"http:\/\/grpha.com\/wp-content\/uploads\/2023\/05\/rja.jpg\" \/>\n<meta name=\"twitter:card\" content=\"summary_large_image\" \/>\n<meta name=\"twitter:label1\" content=\"Tiempo de lectura\" \/>\n\t<meta name=\"twitter:data1\" content=\"4 minutos\" \/>\n<script type=\"application\/ld+json\" class=\"yoast-schema-graph\">{\"@context\":\"https:\/\/schema.org\",\"@graph\":[{\"@type\":\"WebPage\",\"@id\":\"https:\/\/grpha.com\/index.php\/rejillas-metalicas\/\",\"url\":\"https:\/\/grpha.com\/index.php\/rejillas-metalicas\/\",\"name\":\"Rejillas Met\u00e1licas en Barranquilla\",\"isPartOf\":{\"@id\":\"https:\/\/grpha.com\/#website\"},\"primaryImageOfPage\":{\"@id\":\"https:\/\/grpha.com\/index.php\/rejillas-metalicas\/#primaryimage\"},\"image\":{\"@id\":\"https:\/\/grpha.com\/index.php\/rejillas-metalicas\/#primaryimage\"},\"thumbnailUrl\":\"http:\/\/grpha.com\/wp-content\/uploads\/2023\/05\/rja.jpg\",\"datePublished\":\"2023-05-15T23:39:04+00:00\",\"dateModified\":\"2023-05-16T15:24:47+00:00\",\"description\":\"Contamos con todo tipo de rejillas met\u00e1licas: En acero galvanizado, Acero inoxidable, Aluminio y mas ! Cont\u00e1ctanos hoy y adquiere las tuyas .\",\"breadcrumb\":{\"@id\":\"https:\/\/grpha.com\/index.php\/rejillas-metalicas\/#breadcrumb\"},\"inLanguage\":\"es-CO\",\"potentialAction\":[{\"@type\":\"ReadAction\",\"target\":[\"https:\/\/grpha.com\/index.php\/rejillas-metalicas\/\"]}]},{\"@type\":\"ImageObject\",\"inLanguage\":\"es-CO\",\"@id\":\"https:\/\/grpha.com\/index.php\/rejillas-metalicas\/#primaryimage\",\"url\":\"https:\/\/grpha.com\/wp-content\/uploads\/2023\/05\/rja.jpg\",\"contentUrl\":\"https:\/\/grpha.com\/wp-content\/uploads\/2023\/05\/rja.jpg\",\"width\":380,\"height\":76},{\"@type\":\"BreadcrumbList\",\"@id\":\"https:\/\/grpha.com\/index.php\/rejillas-metalicas\/#breadcrumb\",\"itemListElement\":[{\"@type\":\"ListItem\",\"position\":1,\"name\":\"Home\",\"item\":\"https:\/\/grpha.com\/\"},{\"@type\":\"ListItem\",\"position\":2,\"name\":\"Rejillas Met\u00e1licas\"}]},{\"@type\":\"WebSite\",\"@id\":\"https:\/\/grpha.com\/#website\",\"url\":\"https:\/\/grpha.com\/\",\"name\":\"Metalmecanica en barranquilla\",\"description\":\"Taller de Metalmecanica en barranquilla\",\"publisher\":{\"@id\":\"https:\/\/grpha.com\/#organization\"},\"potentialAction\":[{\"@type\":\"SearchAction\",\"target\":{\"@type\":\"EntryPoint\",\"urlTemplate\":\"https:\/\/grpha.com\/?s={search_term_string}\"},\"query-input\":{\"@type\":\"PropertyValueSpecification\",\"valueRequired\":true,\"valueName\":\"search_term_string\"}}],\"inLanguage\":\"es-CO\"},{\"@type\":\"Organization\",\"@id\":\"https:\/\/grpha.com\/#organization\",\"name\":\"Metalmecanica en barranquilla\",\"url\":\"https:\/\/grpha.com\/\",\"logo\":{\"@type\":\"ImageObject\",\"inLanguage\":\"es-CO\",\"@id\":\"https:\/\/grpha.com\/#\/schema\/logo\/image\/\",\"url\":\"https:\/\/grpha.com\/wp-content\/uploads\/2022\/04\/logwbsw.png\",\"contentUrl\":\"https:\/\/grpha.com\/wp-content\/uploads\/2022\/04\/logwbsw.png\",\"width\":500,\"height\":386,\"caption\":\"Metalmecanica en barranquilla\"},\"image\":{\"@id\":\"https:\/\/grpha.com\/#\/schema\/logo\/image\/\"}}]}<\/script>\n<!-- \/ Yoast SEO plugin. -->","yoast_head_json":{"title":"Rejillas Met\u00e1licas en Barranquilla","description":"Contamos con todo tipo de rejillas met\u00e1licas: En acero galvanizado, Acero inoxidable, Aluminio y mas ! Cont\u00e1ctanos hoy y adquiere las tuyas .","robots":{"index":"index","follow":"follow","max-snippet":"max-snippet:-1","max-image-preview":"max-image-preview:large","max-video-preview":"max-video-preview:-1"},"canonical":"https:\/\/grpha.com\/index.php\/rejillas-metalicas\/","og_locale":"es_ES","og_type":"article","og_title":"Rejillas Met\u00e1licas en Barranquilla","og_description":"Contamos con todo tipo de rejillas met\u00e1licas: En acero galvanizado, Acero inoxidable, Aluminio y mas ! Cont\u00e1ctanos hoy y adquiere las tuyas .","og_url":"https:\/\/grpha.com\/index.php\/rejillas-metalicas\/","og_site_name":"Metalmecanica en barranquilla","article_modified_time":"2023-05-16T15:24:47+00:00","og_image":[{"url":"http:\/\/grpha.com\/wp-content\/uploads\/2023\/05\/rja.jpg","type":"","width":"","height":""}],"twitter_card":"summary_large_image","twitter_misc":{"Tiempo de lectura":"4 minutos"},"schema":{"@context":"https:\/\/schema.org","@graph":[{"@type":"WebPage","@id":"https:\/\/grpha.com\/index.php\/rejillas-metalicas\/","url":"https:\/\/grpha.com\/index.php\/rejillas-metalicas\/","name":"Rejillas Met\u00e1licas en Barranquilla","isPartOf":{"@id":"https:\/\/grpha.com\/#website"},"primaryImageOfPage":{"@id":"https:\/\/grpha.com\/index.php\/rejillas-metalicas\/#primaryimage"},"image":{"@id":"https:\/\/grpha.com\/index.php\/rejillas-metalicas\/#primaryimage"},"thumbnailUrl":"http:\/\/grpha.com\/wp-content\/uploads\/2023\/05\/rja.jpg","datePublished":"2023-05-15T23:39:04+00:00","dateModified":"2023-05-16T15:24:47+00:00","description":"Contamos con todo tipo de rejillas met\u00e1licas: En acero galvanizado, Acero inoxidable, Aluminio y mas ! Cont\u00e1ctanos hoy y adquiere las tuyas .","breadcrumb":{"@id":"https:\/\/grpha.com\/index.php\/rejillas-metalicas\/#breadcrumb"},"inLanguage":"es-CO","potentialAction":[{"@type":"ReadAction","target":["https:\/\/grpha.com\/index.php\/rejillas-metalicas\/"]}]},{"@type":"ImageObject","inLanguage":"es-CO","@id":"https:\/\/grpha.com\/index.php\/rejillas-metalicas\/#primaryimage","url":"https:\/\/grpha.com\/wp-content\/uploads\/2023\/05\/rja.jpg","contentUrl":"https:\/\/grpha.com\/wp-content\/uploads\/2023\/05\/rja.jpg","width":380,"height":76},{"@type":"BreadcrumbList","@id":"https:\/\/grpha.com\/index.php\/rejillas-metalicas\/#breadcrumb","itemListElement":[{"@type":"ListItem","position":1,"name":"Home","item":"https:\/\/grpha.com\/"},{"@type":"ListItem","position":2,"name":"Rejillas Met\u00e1licas"}]},{"@type":"WebSite","@id":"https:\/\/grpha.com\/#website","url":"https:\/\/grpha.com\/","name":"Metalmecanica en barranquilla","description":"Taller de Metalmecanica en barranquilla","publisher":{"@id":"https:\/\/grpha.com\/#organization"},"potentialAction":[{"@type":"SearchAction","target":{"@type":"EntryPoint","urlTemplate":"https:\/\/grpha.com\/?s={search_term_string}"},"query-input":{"@type":"PropertyValueSpecification","valueRequired":true,"valueName":"search_term_string"}}],"inLanguage":"es-CO"},{"@type":"Organization","@id":"https:\/\/grpha.com\/#organization","name":"Metalmecanica en barranquilla","url":"https:\/\/grpha.com\/","logo":{"@type":"ImageObject","inLanguage":"es-CO","@id":"https:\/\/grpha.com\/#\/schema\/logo\/image\/","url":"https:\/\/grpha.com\/wp-content\/uploads\/2022\/04\/logwbsw.png","contentUrl":"https:\/\/grpha.com\/wp-content\/uploads\/2022\/04\/logwbsw.png","width":500,"height":386,"caption":"Metalmecanica en barranquilla"},"image":{"@id":"https:\/\/grpha.com\/#\/schema\/logo\/image\/"}}]}},"jetpack_sharing_enabled":true,"_links":{"self":[{"href":"https:\/\/grpha.com\/index.php\/wp-json\/wp\/v2\/pages\/647","targetHints":{"allow":["GET"]}}],"collection":[{"href":"https:\/\/grpha.com\/index.php\/wp-json\/wp\/v2\/pages"}],"about":[{"href":"https:\/\/grpha.com\/index.php\/wp-json\/wp\/v2\/types\/page"}],"author":[{"embeddable":true,"href":"https:\/\/grpha.com\/index.php\/wp-json\/wp\/v2\/users\/1"}],"replies":[{"embeddable":true,"href":"https:\/\/grpha.com\/index.php\/wp-json\/wp\/v2\/comments?post=647"}],"version-history":[{"count":5,"href":"https:\/\/grpha.com\/index.php\/wp-json\/wp\/v2\/pages\/647\/revisions"}],"predecessor-version":[{"id":671,"href":"https:\/\/grpha.com\/index.php\/wp-json\/wp\/v2\/pages\/647\/revisions\/671"}],"wp:attachment":[{"href":"https:\/\/grpha.com\/index.php\/wp-json\/wp\/v2\/media?parent=647"}],"curies":[{"name":"wp","href":"https:\/\/api.w.org\/{rel}","templated":true}]}}